{"id":43230,"date":"2025-05-16T15:30:18","date_gmt":"2025-05-16T13:30:18","guid":{"rendered":"https:\/\/dmd.eu\/prodotto\/sin%20categor\u00eda\/tabu-2\/"},"modified":"2025-12-03T01:58:03","modified_gmt":"2025-12-03T00:58:03","slug":"tabu-2","status":"publish","type":"product","link":"https:\/\/dmd.eu\/es\/prodotto\/ventas\/cascos-sale\/tabu-2\/","title":{"rendered":"TABU"},"content":{"rendered":"<p>El casco Tabu de edici\u00f3n limitada es un homenaje al estilo atemporal del legendario &#8220;old school&#8221;. Sobre una base negra brillante se entrelazan detalles dorados y blancos que evocan los cascos ic\u00f3nicos de los a\u00f1os 70 y nos transportan a la magia de una \u00e9poca inolvidable. Incluye tambi\u00e9n una visera off-road decorada a juego con el dise\u00f1o del casco.<\/p>\n<p>Made in Italy.<\/p>\n","protected":false},"excerpt":{"rendered":"<p>El casco Tabu de edici\u00f3n limitada es un homenaje al estilo atemporal del legendario &#8220;old school&#8221;. Sobre una base negra brillante se entrelazan detalles dorados y blancos que evocan los cascos ic\u00f3nicos de los a\u00f1os 70 y nos transportan a la magia de una \u00e9poca inolvidable. Incluye tambi\u00e9n una visera off-road decorada a juego con [&hellip;]<\/p>\n","protected":false},"featured_media":43520,"comment_status":"closed","ping_status":"closed","template":"","meta":{"_acf_changed":false},"product_brand":[],"product_cat":[423,410],"product_tag":[],"giftcard-category":[],"class_list":{"0":"post-43230","1":"product","2":"type-product","3":"status-publish","4":"has-post-thumbnail","6":"product_cat-cascos-sale","7":"product_cat-ventas","9":"first","10":"instock","11":"sale","12":"taxable","13":"shipping-taxable","14":"purchasable","15":"product-type-variable"},"acf":[],"jetpack_sharing_enabled":true,"_links":{"self":[{"href":"https:\/\/dmd.eu\/es\/wp-json\/wp\/v2\/product\/43230","targetHints":{"allow":["GET"]}}],"collection":[{"href":"https:\/\/dmd.eu\/es\/wp-json\/wp\/v2\/product"}],"about":[{"href":"https:\/\/dmd.eu\/es\/wp-json\/wp\/v2\/types\/product"}],"replies":[{"embeddable":true,"href":"https:\/\/dmd.eu\/es\/wp-json\/wp\/v2\/comments?post=43230"}],"wp:featuredmedia":[{"embeddable":true,"href":"https:\/\/dmd.eu\/es\/wp-json\/wp\/v2\/media\/43520"}],"wp:attachment":[{"href":"https:\/\/dmd.eu\/es\/wp-json\/wp\/v2\/media?parent=43230"}],"wp:term":[{"taxonomy":"product_brand","embeddable":true,"href":"https:\/\/dmd.eu\/es\/wp-json\/wp\/v2\/product_brand?post=43230"},{"taxonomy":"product_cat","embeddable":true,"href":"https:\/\/dmd.eu\/es\/wp-json\/wp\/v2\/product_cat?post=43230"},{"taxonomy":"product_tag","embeddable":true,"href":"https:\/\/dmd.eu\/es\/wp-json\/wp\/v2\/product_tag?post=43230"},{"taxonomy":"giftcard-category","embeddable":true,"href":"https:\/\/dmd.eu\/es\/wp-json\/wp\/v2\/giftcard-category?post=43230"}],"curies":[{"name":"wp","href":"https:\/\/api.w.org\/{rel}","templated":true}]}}