{"id":4000,"date":"2023-08-20T14:09:42","date_gmt":"2023-08-20T12:09:42","guid":{"rendered":"https:\/\/www.dmd.eu\/product\/sin%20categor\u00eda\/seventyfive-matt-black\/"},"modified":"2025-12-02T00:14:43","modified_gmt":"2025-12-01T23:14:43","slug":"seventyfive-matt-black","status":"publish","type":"product","link":"https:\/\/dmd.eu\/es\/prodotto\/ventas\/cascos-sale\/seventyfive-matt-black\/","title":{"rendered":"SEVENTYFIVE MATT BLACK"},"content":{"rendered":"<p>El <strong>casco integral Seventyfive Matt Black<\/strong> est\u00e1 inspirado en un modelo ic\u00f3nico de los a\u00f1os 70. Es muy ligero, con un estilo vintage, ofrece la m\u00e1xima seguridad y confort, y gracias a su color negro mate neutro combina con cualquier tipo de moto.<br \/>\nEspecialmente indicado para un motorista amante del estilo Vintage, que busca un casco seguro, c\u00f3modo y est\u00e9ticamente bonito, tanto si conduce una moto Custom, Vintage o Caf\u00e9 racer.<\/p>\n<p>*Modelo homologado ECE 22.05, conforme a la normativa vial, que te permite seguir utiliz\u00e1ndolo de forma segura y sin preocupaciones.<\/p>\n","protected":false},"excerpt":{"rendered":"<p>El casco integral Seventyfive Matt Black est\u00e1 inspirado en un modelo ic\u00f3nico de los a\u00f1os 70. Es muy ligero, con un estilo vintage, ofrece la m\u00e1xima seguridad y confort, y gracias a su color negro mate neutro combina con cualquier tipo de moto. Especialmente indicado para un motorista amante del estilo Vintage, que busca un [&hellip;]<\/p>\n","protected":false},"featured_media":3670,"comment_status":"closed","ping_status":"closed","template":"","meta":{"_acf_changed":false},"product_brand":[],"product_cat":[423,410],"product_tag":[],"giftcard-category":[],"class_list":{"0":"post-4000","1":"product","2":"type-product","3":"status-publish","4":"has-post-thumbnail","6":"product_cat-cascos-sale","7":"product_cat-ventas","9":"first","10":"instock","11":"sale","12":"taxable","13":"shipping-taxable","14":"purchasable","15":"product-type-variable"},"acf":[],"jetpack_sharing_enabled":true,"_links":{"self":[{"href":"https:\/\/dmd.eu\/es\/wp-json\/wp\/v2\/product\/4000","targetHints":{"allow":["GET"]}}],"collection":[{"href":"https:\/\/dmd.eu\/es\/wp-json\/wp\/v2\/product"}],"about":[{"href":"https:\/\/dmd.eu\/es\/wp-json\/wp\/v2\/types\/product"}],"replies":[{"embeddable":true,"href":"https:\/\/dmd.eu\/es\/wp-json\/wp\/v2\/comments?post=4000"}],"wp:featuredmedia":[{"embeddable":true,"href":"https:\/\/dmd.eu\/es\/wp-json\/wp\/v2\/media\/3670"}],"wp:attachment":[{"href":"https:\/\/dmd.eu\/es\/wp-json\/wp\/v2\/media?parent=4000"}],"wp:term":[{"taxonomy":"product_brand","embeddable":true,"href":"https:\/\/dmd.eu\/es\/wp-json\/wp\/v2\/product_brand?post=4000"},{"taxonomy":"product_cat","embeddable":true,"href":"https:\/\/dmd.eu\/es\/wp-json\/wp\/v2\/product_cat?post=4000"},{"taxonomy":"product_tag","embeddable":true,"href":"https:\/\/dmd.eu\/es\/wp-json\/wp\/v2\/product_tag?post=4000"},{"taxonomy":"giftcard-category","embeddable":true,"href":"https:\/\/dmd.eu\/es\/wp-json\/wp\/v2\/giftcard-category?post=4000"}],"curies":[{"name":"wp","href":"https:\/\/api.w.org\/{rel}","templated":true}]}}