{"id":39866,"date":"2025-03-03T13:55:24","date_gmt":"2025-03-03T12:55:24","guid":{"rendered":"https:\/\/dmd.eu\/?post_type=product&#038;p=39866"},"modified":"2026-04-07T05:09:00","modified_gmt":"2026-04-07T03:09:00","slug":"lollipop-chupa","status":"publish","type":"product","link":"https:\/\/dmd.eu\/es\/prodotto\/cascos-jet\/cascos-retro\/lollipop-chupa\/","title":{"rendered":"LOLLIPOP"},"content":{"rendered":"<p>Este gr\u00e1fico realizado sobre el casco Jet Retro naci\u00f3 de la colaboraci\u00f3n entre DMD y la hist\u00f3rica <strong>marca Chupa Chups<\/strong>. Un casco ic\u00f3nico que fusiona la creatividad y la artesan\u00eda del mundo DMD con el esp\u00edritu l\u00fadico y divertido de Chupa Chups. D\u00e9jate conquistar por la particularidad de este modelo.<\/p>\n<p>Fabricado con pintura brillante.<\/p>\n","protected":false},"excerpt":{"rendered":"<p>Este gr\u00e1fico realizado sobre el casco Jet Retro naci\u00f3 de la colaboraci\u00f3n entre DMD y la hist\u00f3rica marca Chupa Chups. Un casco ic\u00f3nico que fusiona la creatividad y la artesan\u00eda del mundo DMD con el esp\u00edritu l\u00fadico y divertido de Chupa Chups. D\u00e9jate conquistar por la particularidad de este modelo. Fabricado con pintura brillante.<\/p>\n","protected":false},"featured_media":41131,"comment_status":"closed","ping_status":"closed","template":"","meta":{"_acf_changed":false},"product_brand":[],"product_cat":[458,459],"product_tag":[],"giftcard-category":[],"class_list":{"0":"post-39866","1":"product","2":"type-product","3":"status-publish","4":"has-post-thumbnail","6":"product_cat-cascos-jet","7":"product_cat-cascos-retro","9":"first","10":"instock","11":"taxable","12":"shipping-taxable","13":"purchasable","14":"product-type-variable"},"acf":[],"jetpack_sharing_enabled":true,"_links":{"self":[{"href":"https:\/\/dmd.eu\/es\/wp-json\/wp\/v2\/product\/39866","targetHints":{"allow":["GET"]}}],"collection":[{"href":"https:\/\/dmd.eu\/es\/wp-json\/wp\/v2\/product"}],"about":[{"href":"https:\/\/dmd.eu\/es\/wp-json\/wp\/v2\/types\/product"}],"replies":[{"embeddable":true,"href":"https:\/\/dmd.eu\/es\/wp-json\/wp\/v2\/comments?post=39866"}],"wp:featuredmedia":[{"embeddable":true,"href":"https:\/\/dmd.eu\/es\/wp-json\/wp\/v2\/media\/41131"}],"wp:attachment":[{"href":"https:\/\/dmd.eu\/es\/wp-json\/wp\/v2\/media?parent=39866"}],"wp:term":[{"taxonomy":"product_brand","embeddable":true,"href":"https:\/\/dmd.eu\/es\/wp-json\/wp\/v2\/product_brand?post=39866"},{"taxonomy":"product_cat","embeddable":true,"href":"https:\/\/dmd.eu\/es\/wp-json\/wp\/v2\/product_cat?post=39866"},{"taxonomy":"product_tag","embeddable":true,"href":"https:\/\/dmd.eu\/es\/wp-json\/wp\/v2\/product_tag?post=39866"},{"taxonomy":"giftcard-category","embeddable":true,"href":"https:\/\/dmd.eu\/es\/wp-json\/wp\/v2\/giftcard-category?post=39866"}],"curies":[{"name":"wp","href":"https:\/\/api.w.org\/{rel}","templated":true}]}}