{"id":3984,"date":"2023-08-20T14:09:45","date_gmt":"2023-08-20T12:09:45","guid":{"rendered":"https:\/\/www.dmd.eu\/product\/sin%20categor\u00eda\/seventyfive-yellow-2\/"},"modified":"2025-12-02T00:14:42","modified_gmt":"2025-12-01T23:14:42","slug":"seventyfive-yellow-2","status":"publish","type":"product","link":"https:\/\/dmd.eu\/es\/prodotto\/ventas\/cascos-sale\/seventyfive-yellow-2\/","title":{"rendered":"SEVENTYFIVE YELLOW"},"content":{"rendered":"<p>El <strong>casco integral Seventyfive Yellow<\/strong> se distingue por su color amarillo brillante con un detalle brillante. Introducido en 1975, frente al cl\u00e1sico blanco de los cascos est\u00e1ndar, cambi\u00f3 por completo la tendencia de la \u00e9poca.<br \/>\nDMD cre\u00f3 el Seventyfive Yellow como homenaje a ese momento: un casco que no pasa indiferente, apto para el motorista de car\u00e1cter alegre. Si tienes una moto Custom, Vintage, Caf\u00e9 racer, Harley Davidson, Triumph, BMW, Honda, Guzzi, Indian, elige la exclusividad del casco integral Seventyfive Yellow.<\/p>\n","protected":false},"excerpt":{"rendered":"<p>El casco integral Seventyfive Yellow se distingue por su color amarillo brillante con un detalle brillante. Introducido en 1975, frente al cl\u00e1sico blanco de los cascos est\u00e1ndar, cambi\u00f3 por completo la tendencia de la \u00e9poca. DMD cre\u00f3 el Seventyfive Yellow como homenaje a ese momento: un casco que no pasa indiferente, apto para el motorista [&hellip;]<\/p>\n","protected":false},"featured_media":13711,"comment_status":"closed","ping_status":"closed","template":"","meta":{"_acf_changed":false},"product_brand":[],"product_cat":[423,410],"product_tag":[],"giftcard-category":[],"class_list":{"0":"post-3984","1":"product","2":"type-product","3":"status-publish","4":"has-post-thumbnail","6":"product_cat-cascos-sale","7":"product_cat-ventas","9":"first","10":"instock","11":"sale","12":"taxable","13":"shipping-taxable","14":"purchasable","15":"product-type-variable"},"acf":[],"jetpack_sharing_enabled":true,"_links":{"self":[{"href":"https:\/\/dmd.eu\/es\/wp-json\/wp\/v2\/product\/3984","targetHints":{"allow":["GET"]}}],"collection":[{"href":"https:\/\/dmd.eu\/es\/wp-json\/wp\/v2\/product"}],"about":[{"href":"https:\/\/dmd.eu\/es\/wp-json\/wp\/v2\/types\/product"}],"replies":[{"embeddable":true,"href":"https:\/\/dmd.eu\/es\/wp-json\/wp\/v2\/comments?post=3984"}],"wp:featuredmedia":[{"embeddable":true,"href":"https:\/\/dmd.eu\/es\/wp-json\/wp\/v2\/media\/13711"}],"wp:attachment":[{"href":"https:\/\/dmd.eu\/es\/wp-json\/wp\/v2\/media?parent=3984"}],"wp:term":[{"taxonomy":"product_brand","embeddable":true,"href":"https:\/\/dmd.eu\/es\/wp-json\/wp\/v2\/product_brand?post=3984"},{"taxonomy":"product_cat","embeddable":true,"href":"https:\/\/dmd.eu\/es\/wp-json\/wp\/v2\/product_cat?post=3984"},{"taxonomy":"product_tag","embeddable":true,"href":"https:\/\/dmd.eu\/es\/wp-json\/wp\/v2\/product_tag?post=3984"},{"taxonomy":"giftcard-category","embeddable":true,"href":"https:\/\/dmd.eu\/es\/wp-json\/wp\/v2\/giftcard-category?post=3984"}],"curies":[{"name":"wp","href":"https:\/\/api.w.org\/{rel}","templated":true}]}}