{"id":3968,"date":"2023-08-20T14:09:44","date_gmt":"2023-08-20T12:09:44","guid":{"rendered":"https:\/\/www.dmd.eu\/product\/sin%20categor\u00eda\/seventyfive-eighty\/"},"modified":"2025-12-03T01:58:05","modified_gmt":"2025-12-03T00:58:05","slug":"seventyfive-eighty","status":"publish","type":"product","link":"https:\/\/dmd.eu\/es\/prodotto\/ventas\/cascos-sale\/seventyfive-eighty\/","title":{"rendered":"SEVENTYFIVE EIGHTY"},"content":{"rendered":"<p>El <strong>casco integral Seventyfive Eighty<\/strong> presenta una base blanca brillante con l\u00edneas de color t\u00edpicas de los legendarios a\u00f1os ochenta.<br \/>\nMontado en tu moto Custom, Vintage, Cafe racer, Harley Davidson, Triumph, BMW, Honda, Guzzi, Indian, vive tu d\u00eda con energ\u00eda y escapa de la monoton\u00eda sin correr riesgos, llevando el casco integral Seventyfive Eighty.<\/p>\n","protected":false},"excerpt":{"rendered":"<p>El casco integral Seventyfive Eighty presenta una base blanca brillante con l\u00edneas de color t\u00edpicas de los legendarios a\u00f1os ochenta. Montado en tu moto Custom, Vintage, Cafe racer, Harley Davidson, Triumph, BMW, Honda, Guzzi, Indian, vive tu d\u00eda con energ\u00eda y escapa de la monoton\u00eda sin correr riesgos, llevando el casco integral Seventyfive Eighty.<\/p>\n","protected":false},"featured_media":3615,"comment_status":"closed","ping_status":"closed","template":"","meta":{"_acf_changed":false},"product_brand":[],"product_cat":[423,410],"product_tag":[],"giftcard-category":[],"class_list":{"0":"post-3968","1":"product","2":"type-product","3":"status-publish","4":"has-post-thumbnail","6":"product_cat-cascos-sale","7":"product_cat-ventas","9":"first","10":"outofstock","11":"sale","12":"taxable","13":"shipping-taxable","14":"purchasable","15":"product-type-variable"},"acf":[],"jetpack_sharing_enabled":true,"_links":{"self":[{"href":"https:\/\/dmd.eu\/es\/wp-json\/wp\/v2\/product\/3968","targetHints":{"allow":["GET"]}}],"collection":[{"href":"https:\/\/dmd.eu\/es\/wp-json\/wp\/v2\/product"}],"about":[{"href":"https:\/\/dmd.eu\/es\/wp-json\/wp\/v2\/types\/product"}],"replies":[{"embeddable":true,"href":"https:\/\/dmd.eu\/es\/wp-json\/wp\/v2\/comments?post=3968"}],"wp:featuredmedia":[{"embeddable":true,"href":"https:\/\/dmd.eu\/es\/wp-json\/wp\/v2\/media\/3615"}],"wp:attachment":[{"href":"https:\/\/dmd.eu\/es\/wp-json\/wp\/v2\/media?parent=3968"}],"wp:term":[{"taxonomy":"product_brand","embeddable":true,"href":"https:\/\/dmd.eu\/es\/wp-json\/wp\/v2\/product_brand?post=3968"},{"taxonomy":"product_cat","embeddable":true,"href":"https:\/\/dmd.eu\/es\/wp-json\/wp\/v2\/product_cat?post=3968"},{"taxonomy":"product_tag","embeddable":true,"href":"https:\/\/dmd.eu\/es\/wp-json\/wp\/v2\/product_tag?post=3968"},{"taxonomy":"giftcard-category","embeddable":true,"href":"https:\/\/dmd.eu\/es\/wp-json\/wp\/v2\/giftcard-category?post=3968"}],"curies":[{"name":"wp","href":"https:\/\/api.w.org\/{rel}","templated":true}]}}