{"id":39549,"date":"2025-02-20T16:47:41","date_gmt":"2025-02-20T15:47:41","guid":{"rendered":"https:\/\/dmd.eu\/?post_type=product&#038;p=39549"},"modified":"2025-12-02T00:13:26","modified_gmt":"2025-12-01T23:13:26","slug":"seventyseven-flower-power","status":"publish","type":"product","link":"https:\/\/dmd.eu\/es\/prodotto\/cascos-integrales\/cascos-seventyseven\/seventyseven-flower-power\/","title":{"rendered":"SEVENTYSEVEN FLOWER POWER"},"content":{"rendered":"<p>El <strong>casco integral Seventyseven Flower Power<\/strong> es un producto \u00fanico, con un dise\u00f1o gr\u00e1fico elaborado y lleno de detalles, creado en exclusiva para DMD. Encierra todos los elementos de una \u00e9poca m\u00e1gica y de grandes cambios: los a\u00f1os setenta.<br \/>\nLigero, con un dise\u00f1o vintage y una gr\u00e1fica y color \u00fanicos, ofrece la m\u00e1xima seguridad y confort.<br \/>\nEquipado con una visera solar interna retr\u00e1ctil.<br \/>\nAcabado con pintura brillante.<\/p>\n","protected":false},"excerpt":{"rendered":"<p>El casco integral Seventyseven Flower Power es un producto \u00fanico, con un dise\u00f1o gr\u00e1fico elaborado y lleno de detalles, creado en exclusiva para DMD. Encierra todos los elementos de una \u00e9poca m\u00e1gica y de grandes cambios: los a\u00f1os setenta. Ligero, con un dise\u00f1o vintage y una gr\u00e1fica y color \u00fanicos, ofrece la m\u00e1xima seguridad y [&hellip;]<\/p>\n","protected":false},"featured_media":45193,"comment_status":"closed","ping_status":"closed","template":"","meta":{"_acf_changed":false},"product_brand":[],"product_cat":[461,465],"product_tag":[],"giftcard-category":[],"class_list":{"0":"post-39549","1":"product","2":"type-product","3":"status-publish","4":"has-post-thumbnail","6":"product_cat-cascos-integrales","7":"product_cat-cascos-seventyseven","9":"first","10":"instock","11":"taxable","12":"shipping-taxable","13":"purchasable","14":"product-type-variable"},"acf":[],"jetpack_sharing_enabled":true,"_links":{"self":[{"href":"https:\/\/dmd.eu\/es\/wp-json\/wp\/v2\/product\/39549","targetHints":{"allow":["GET"]}}],"collection":[{"href":"https:\/\/dmd.eu\/es\/wp-json\/wp\/v2\/product"}],"about":[{"href":"https:\/\/dmd.eu\/es\/wp-json\/wp\/v2\/types\/product"}],"replies":[{"embeddable":true,"href":"https:\/\/dmd.eu\/es\/wp-json\/wp\/v2\/comments?post=39549"}],"wp:featuredmedia":[{"embeddable":true,"href":"https:\/\/dmd.eu\/es\/wp-json\/wp\/v2\/media\/45193"}],"wp:attachment":[{"href":"https:\/\/dmd.eu\/es\/wp-json\/wp\/v2\/media?parent=39549"}],"wp:term":[{"taxonomy":"product_brand","embeddable":true,"href":"https:\/\/dmd.eu\/es\/wp-json\/wp\/v2\/product_brand?post=39549"},{"taxonomy":"product_cat","embeddable":true,"href":"https:\/\/dmd.eu\/es\/wp-json\/wp\/v2\/product_cat?post=39549"},{"taxonomy":"product_tag","embeddable":true,"href":"https:\/\/dmd.eu\/es\/wp-json\/wp\/v2\/product_tag?post=39549"},{"taxonomy":"giftcard-category","embeddable":true,"href":"https:\/\/dmd.eu\/es\/wp-json\/wp\/v2\/giftcard-category?post=39549"}],"curies":[{"name":"wp","href":"https:\/\/api.w.org\/{rel}","templated":true}]}}