{"id":3936,"date":"2023-08-20T14:09:45","date_gmt":"2023-08-20T12:09:45","guid":{"rendered":"https:\/\/www.dmd.eu\/product\/sin%20categor\u00eda\/seventyfive-cream\/"},"modified":"2025-12-02T00:14:43","modified_gmt":"2025-12-01T23:14:43","slug":"seventyfive-cream","status":"publish","type":"product","link":"https:\/\/dmd.eu\/es\/prodotto\/ventas\/cascos-sale\/seventyfive-cream\/","title":{"rendered":"SEVENTYFIVE CREAM"},"content":{"rendered":"<p>El<strong> casco integral Seventyfive Cream<\/strong> se basa en un modelo emblem\u00e1tico de los a\u00f1os setenta. Es muy ligero, para ofrecer la m\u00e1xima comodidad al llevarlo, y proporciona la seguridad t\u00edpica de los cascos integrales. La base neutra lo hace combinable con cualquier tipo de moto, ya sea Custom, Vintage o Caf\u00e9 Racer.<\/p>\n","protected":false},"excerpt":{"rendered":"<p>El casco integral Seventyfive Cream se basa en un modelo emblem\u00e1tico de los a\u00f1os setenta. Es muy ligero, para ofrecer la m\u00e1xima comodidad al llevarlo, y proporciona la seguridad t\u00edpica de los cascos integrales. La base neutra lo hace combinable con cualquier tipo de moto, ya sea Custom, Vintage o Caf\u00e9 Racer.<\/p>\n","protected":false},"featured_media":13706,"comment_status":"closed","ping_status":"closed","template":"","meta":{"_acf_changed":false},"product_brand":[],"product_cat":[423,410],"product_tag":[],"giftcard-category":[],"class_list":{"0":"post-3936","1":"product","2":"type-product","3":"status-publish","4":"has-post-thumbnail","6":"product_cat-cascos-sale","7":"product_cat-ventas","9":"first","10":"instock","11":"sale","12":"taxable","13":"shipping-taxable","14":"purchasable","15":"product-type-variable"},"acf":[],"jetpack_sharing_enabled":true,"_links":{"self":[{"href":"https:\/\/dmd.eu\/es\/wp-json\/wp\/v2\/product\/3936","targetHints":{"allow":["GET"]}}],"collection":[{"href":"https:\/\/dmd.eu\/es\/wp-json\/wp\/v2\/product"}],"about":[{"href":"https:\/\/dmd.eu\/es\/wp-json\/wp\/v2\/types\/product"}],"replies":[{"embeddable":true,"href":"https:\/\/dmd.eu\/es\/wp-json\/wp\/v2\/comments?post=3936"}],"wp:featuredmedia":[{"embeddable":true,"href":"https:\/\/dmd.eu\/es\/wp-json\/wp\/v2\/media\/13706"}],"wp:attachment":[{"href":"https:\/\/dmd.eu\/es\/wp-json\/wp\/v2\/media?parent=3936"}],"wp:term":[{"taxonomy":"product_brand","embeddable":true,"href":"https:\/\/dmd.eu\/es\/wp-json\/wp\/v2\/product_brand?post=3936"},{"taxonomy":"product_cat","embeddable":true,"href":"https:\/\/dmd.eu\/es\/wp-json\/wp\/v2\/product_cat?post=3936"},{"taxonomy":"product_tag","embeddable":true,"href":"https:\/\/dmd.eu\/es\/wp-json\/wp\/v2\/product_tag?post=3936"},{"taxonomy":"giftcard-category","embeddable":true,"href":"https:\/\/dmd.eu\/es\/wp-json\/wp\/v2\/giftcard-category?post=3936"}],"curies":[{"name":"wp","href":"https:\/\/api.w.org\/{rel}","templated":true}]}}