{"id":39267,"date":"2025-02-20T16:17:10","date_gmt":"2025-02-20T15:17:10","guid":{"rendered":"https:\/\/dmd.eu\/?post_type=product&#038;p=39267"},"modified":"2025-12-02T00:13:27","modified_gmt":"2025-12-01T23:13:27","slug":"seventyseven-waves","status":"publish","type":"product","link":"https:\/\/dmd.eu\/es\/prodotto\/cascos-integrales\/cascos-seventyseven\/seventyseven-waves\/","title":{"rendered":"SEVENTYSEVEN WAVES"},"content":{"rendered":"<p>El <strong>casco integral Seventyseven Waves<\/strong> se inspira en las motos de carretera de los a\u00f1os 70, especialmente en la Honda CB, cuya versi\u00f3n en color marr\u00f3n fue una de las m\u00e1s vendidas. Ligero, con dise\u00f1o vintage y un color y gr\u00e1fico \u00fanicos, ofrece el m\u00e1ximo nivel de seguridad y confort. Los tonos c\u00e1lidos de rojo, naranja y amarillo decoran el casco Waves.<br \/>\nSi eres un motociclista amante del estilo vintage y buscas un producto seguro, c\u00f3modo y con un dise\u00f1o \u00fanico, elige el <strong>casco integral Seventyseven Waves<\/strong> para tu moto Custom, Vintage, Caf\u00e9 Racer, Harley Davidson, Triumph, BMW, Honda, Guzzi o Indian. Dispone de una visera interna retr\u00e1ctil para el sol, lo que lo hace pr\u00e1ctico, c\u00f3modo y seguro.<\/p>\n","protected":false},"excerpt":{"rendered":"<p>El casco integral Seventyseven Waves se inspira en las motos de carretera de los a\u00f1os 70, especialmente en la Honda CB, cuya versi\u00f3n en color marr\u00f3n fue una de las m\u00e1s vendidas. Ligero, con dise\u00f1o vintage y un color y gr\u00e1fico \u00fanicos, ofrece el m\u00e1ximo nivel de seguridad y confort. Los tonos c\u00e1lidos de rojo, [&hellip;]<\/p>\n","protected":false},"featured_media":46584,"comment_status":"closed","ping_status":"closed","template":"","meta":{"_acf_changed":false},"product_brand":[],"product_cat":[461,465],"product_tag":[],"giftcard-category":[],"class_list":{"0":"post-39267","1":"product","2":"type-product","3":"status-publish","4":"has-post-thumbnail","6":"product_cat-cascos-integrales","7":"product_cat-cascos-seventyseven","9":"first","10":"instock","11":"taxable","12":"shipping-taxable","13":"purchasable","14":"product-type-variable"},"acf":[],"jetpack_sharing_enabled":true,"_links":{"self":[{"href":"https:\/\/dmd.eu\/es\/wp-json\/wp\/v2\/product\/39267","targetHints":{"allow":["GET"]}}],"collection":[{"href":"https:\/\/dmd.eu\/es\/wp-json\/wp\/v2\/product"}],"about":[{"href":"https:\/\/dmd.eu\/es\/wp-json\/wp\/v2\/types\/product"}],"replies":[{"embeddable":true,"href":"https:\/\/dmd.eu\/es\/wp-json\/wp\/v2\/comments?post=39267"}],"wp:featuredmedia":[{"embeddable":true,"href":"https:\/\/dmd.eu\/es\/wp-json\/wp\/v2\/media\/46584"}],"wp:attachment":[{"href":"https:\/\/dmd.eu\/es\/wp-json\/wp\/v2\/media?parent=39267"}],"wp:term":[{"taxonomy":"product_brand","embeddable":true,"href":"https:\/\/dmd.eu\/es\/wp-json\/wp\/v2\/product_brand?post=39267"},{"taxonomy":"product_cat","embeddable":true,"href":"https:\/\/dmd.eu\/es\/wp-json\/wp\/v2\/product_cat?post=39267"},{"taxonomy":"product_tag","embeddable":true,"href":"https:\/\/dmd.eu\/es\/wp-json\/wp\/v2\/product_tag?post=39267"},{"taxonomy":"giftcard-category","embeddable":true,"href":"https:\/\/dmd.eu\/es\/wp-json\/wp\/v2\/giftcard-category?post=39267"}],"curies":[{"name":"wp","href":"https:\/\/api.w.org\/{rel}","templated":true}]}}