{"id":39098,"date":"2025-02-17T15:02:35","date_gmt":"2025-02-17T14:02:35","guid":{"rendered":"https:\/\/dmd.eu\/?post_type=product&#038;p=39098"},"modified":"2026-02-21T10:01:11","modified_gmt":"2026-02-21T09:01:11","slug":"seventyseven-sailor","status":"publish","type":"product","link":"https:\/\/dmd.eu\/es\/prodotto\/cascos-integrales\/cascos-seventyseven\/seventyseven-sailor\/","title":{"rendered":"SEVENTYSEVEN SAILOR"},"content":{"rendered":"<p>El <strong>casco integral Seventyseven Sailor<\/strong> se inspira en un modelo ic\u00f3nico de los a\u00f1os 70. Es muy ligero, con un dise\u00f1o vintage, y ofrece el m\u00e1ximo nivel de seguridad y confort.<br \/>\nGracias a su color gris mate, combina perfectamente con cualquier tipo de moto Custom, Vintage, Caf\u00e9 Racer o Harley Davidson. Dispone de una visera interna retr\u00e1ctil para el sol, lo que lo hace pr\u00e1ctico, c\u00f3modo y seguro.<\/p>\n","protected":false},"excerpt":{"rendered":"<p>El casco integral Seventyseven Sailor se inspira en un modelo ic\u00f3nico de los a\u00f1os 70. Es muy ligero, con un dise\u00f1o vintage, y ofrece el m\u00e1ximo nivel de seguridad y confort. Gracias a su color gris mate, combina perfectamente con cualquier tipo de moto Custom, Vintage, Caf\u00e9 Racer o Harley Davidson. Dispone de una visera [&hellip;]<\/p>\n","protected":false},"featured_media":46604,"comment_status":"closed","ping_status":"closed","template":"","meta":{"_acf_changed":false},"product_brand":[],"product_cat":[461,465],"product_tag":[],"giftcard-category":[],"class_list":{"0":"post-39098","1":"product","2":"type-product","3":"status-publish","4":"has-post-thumbnail","6":"product_cat-cascos-integrales","7":"product_cat-cascos-seventyseven","9":"first","10":"instock","11":"taxable","12":"shipping-taxable","13":"purchasable","14":"product-type-variable"},"acf":[],"jetpack_sharing_enabled":true,"_links":{"self":[{"href":"https:\/\/dmd.eu\/es\/wp-json\/wp\/v2\/product\/39098","targetHints":{"allow":["GET"]}}],"collection":[{"href":"https:\/\/dmd.eu\/es\/wp-json\/wp\/v2\/product"}],"about":[{"href":"https:\/\/dmd.eu\/es\/wp-json\/wp\/v2\/types\/product"}],"replies":[{"embeddable":true,"href":"https:\/\/dmd.eu\/es\/wp-json\/wp\/v2\/comments?post=39098"}],"wp:featuredmedia":[{"embeddable":true,"href":"https:\/\/dmd.eu\/es\/wp-json\/wp\/v2\/media\/46604"}],"wp:attachment":[{"href":"https:\/\/dmd.eu\/es\/wp-json\/wp\/v2\/media?parent=39098"}],"wp:term":[{"taxonomy":"product_brand","embeddable":true,"href":"https:\/\/dmd.eu\/es\/wp-json\/wp\/v2\/product_brand?post=39098"},{"taxonomy":"product_cat","embeddable":true,"href":"https:\/\/dmd.eu\/es\/wp-json\/wp\/v2\/product_cat?post=39098"},{"taxonomy":"product_tag","embeddable":true,"href":"https:\/\/dmd.eu\/es\/wp-json\/wp\/v2\/product_tag?post=39098"},{"taxonomy":"giftcard-category","embeddable":true,"href":"https:\/\/dmd.eu\/es\/wp-json\/wp\/v2\/giftcard-category?post=39098"}],"curies":[{"name":"wp","href":"https:\/\/api.w.org\/{rel}","templated":true}]}}