{"id":38494,"date":"2025-02-12T12:33:07","date_gmt":"2025-02-12T11:33:07","guid":{"rendered":"https:\/\/dmd.eu\/?post_type=product&#038;p=38494"},"modified":"2026-03-17T16:51:50","modified_gmt":"2026-03-17T15:51:50","slug":"p1-caffe","status":"publish","type":"product","link":"https:\/\/dmd.eu\/es\/prodotto\/cascos-jet\/cascos-p1\/p1-caffe\/","title":{"rendered":"P1 CAFF\u00c8"},"content":{"rendered":"<p>El <strong>casco demi-jet P1 Caff\u00e8<\/strong> est\u00e1 fabricado en color caf\u00e9 mate. Su dise\u00f1o compacto y sencillo lo hace adecuado para motos Custom, Vintage, Caf\u00e9 Racer y scooters.<br \/>\nEs ligero, c\u00f3modo de llevar y cumple con la normativa ECE 22.06.<\/p>\n","protected":false},"excerpt":{"rendered":"<p>El casco demi-jet P1 Caff\u00e8 est\u00e1 fabricado en color caf\u00e9 mate. Su dise\u00f1o compacto y sencillo lo hace adecuado para motos Custom, Vintage, Caf\u00e9 Racer y scooters. Es ligero, c\u00f3modo de llevar y cumple con la normativa ECE 22.06.<\/p>\n","protected":false},"featured_media":45546,"comment_status":"closed","ping_status":"closed","template":"","meta":{"_acf_changed":false},"product_brand":[],"product_cat":[458,126],"product_tag":[],"giftcard-category":[],"class_list":{"0":"post-38494","1":"product","2":"type-product","3":"status-publish","4":"has-post-thumbnail","6":"product_cat-cascos-jet","7":"product_cat-cascos-p1","9":"first","10":"instock","11":"taxable","12":"shipping-taxable","13":"purchasable","14":"product-type-variable"},"acf":[],"jetpack_sharing_enabled":true,"_links":{"self":[{"href":"https:\/\/dmd.eu\/es\/wp-json\/wp\/v2\/product\/38494","targetHints":{"allow":["GET"]}}],"collection":[{"href":"https:\/\/dmd.eu\/es\/wp-json\/wp\/v2\/product"}],"about":[{"href":"https:\/\/dmd.eu\/es\/wp-json\/wp\/v2\/types\/product"}],"replies":[{"embeddable":true,"href":"https:\/\/dmd.eu\/es\/wp-json\/wp\/v2\/comments?post=38494"}],"wp:featuredmedia":[{"embeddable":true,"href":"https:\/\/dmd.eu\/es\/wp-json\/wp\/v2\/media\/45546"}],"wp:attachment":[{"href":"https:\/\/dmd.eu\/es\/wp-json\/wp\/v2\/media?parent=38494"}],"wp:term":[{"taxonomy":"product_brand","embeddable":true,"href":"https:\/\/dmd.eu\/es\/wp-json\/wp\/v2\/product_brand?post=38494"},{"taxonomy":"product_cat","embeddable":true,"href":"https:\/\/dmd.eu\/es\/wp-json\/wp\/v2\/product_cat?post=38494"},{"taxonomy":"product_tag","embeddable":true,"href":"https:\/\/dmd.eu\/es\/wp-json\/wp\/v2\/product_tag?post=38494"},{"taxonomy":"giftcard-category","embeddable":true,"href":"https:\/\/dmd.eu\/es\/wp-json\/wp\/v2\/giftcard-category?post=38494"}],"curies":[{"name":"wp","href":"https:\/\/api.w.org\/{rel}","templated":true}]}}