{"id":38349,"date":"2025-02-12T12:14:16","date_gmt":"2025-02-12T11:14:16","guid":{"rendered":"https:\/\/dmd.eu\/?post_type=product&#038;p=38349"},"modified":"2026-03-17T16:51:08","modified_gmt":"2026-03-17T15:51:08","slug":"p1-olive-gold","status":"publish","type":"product","link":"https:\/\/dmd.eu\/es\/prodotto\/cascos-jet\/cascos-p1\/p1-olive-gold\/","title":{"rendered":"P1 OLIVE GOLD"},"content":{"rendered":"<p>El <strong>casco demi-jet P1 Olive Gold<\/strong> es un casco ligero y compacto, dise\u00f1ado para uso urbano, ideal para quienes buscan un estilo inconfundible sin renunciar a la seguridad. La calota presenta un acabado mate verde\/oro, elegante y f\u00e1cil de combinar. Es compatible con motos Custom, Vintage, Caf\u00e9 Racer y scooters. Su dise\u00f1o esencial tambi\u00e9n lo hace c\u00f3modo para los trayectos diarios. Homologaci\u00f3n ECE 22.06.<\/p>\n","protected":false},"excerpt":{"rendered":"<p>El casco demi-jet P1 Olive Gold es un casco ligero y compacto, dise\u00f1ado para uso urbano, ideal para quienes buscan un estilo inconfundible sin renunciar a la seguridad. La calota presenta un acabado mate verde\/oro, elegante y f\u00e1cil de combinar. Es compatible con motos Custom, Vintage, Caf\u00e9 Racer y scooters. Su dise\u00f1o esencial tambi\u00e9n lo [&hellip;]<\/p>\n","protected":false},"featured_media":45556,"comment_status":"closed","ping_status":"closed","template":"","meta":{"_acf_changed":false},"product_brand":[],"product_cat":[458,126],"product_tag":[],"giftcard-category":[],"class_list":{"0":"post-38349","1":"product","2":"type-product","3":"status-publish","4":"has-post-thumbnail","6":"product_cat-cascos-jet","7":"product_cat-cascos-p1","9":"first","10":"instock","11":"taxable","12":"shipping-taxable","13":"purchasable","14":"product-type-variable"},"acf":[],"jetpack_sharing_enabled":true,"_links":{"self":[{"href":"https:\/\/dmd.eu\/es\/wp-json\/wp\/v2\/product\/38349","targetHints":{"allow":["GET"]}}],"collection":[{"href":"https:\/\/dmd.eu\/es\/wp-json\/wp\/v2\/product"}],"about":[{"href":"https:\/\/dmd.eu\/es\/wp-json\/wp\/v2\/types\/product"}],"replies":[{"embeddable":true,"href":"https:\/\/dmd.eu\/es\/wp-json\/wp\/v2\/comments?post=38349"}],"wp:featuredmedia":[{"embeddable":true,"href":"https:\/\/dmd.eu\/es\/wp-json\/wp\/v2\/media\/45556"}],"wp:attachment":[{"href":"https:\/\/dmd.eu\/es\/wp-json\/wp\/v2\/media?parent=38349"}],"wp:term":[{"taxonomy":"product_brand","embeddable":true,"href":"https:\/\/dmd.eu\/es\/wp-json\/wp\/v2\/product_brand?post=38349"},{"taxonomy":"product_cat","embeddable":true,"href":"https:\/\/dmd.eu\/es\/wp-json\/wp\/v2\/product_cat?post=38349"},{"taxonomy":"product_tag","embeddable":true,"href":"https:\/\/dmd.eu\/es\/wp-json\/wp\/v2\/product_tag?post=38349"},{"taxonomy":"giftcard-category","embeddable":true,"href":"https:\/\/dmd.eu\/es\/wp-json\/wp\/v2\/giftcard-category?post=38349"}],"curies":[{"name":"wp","href":"https:\/\/api.w.org\/{rel}","templated":true}]}}