{"id":38155,"date":"2025-02-12T10:54:11","date_gmt":"2025-02-12T09:54:11","guid":{"rendered":"https:\/\/dmd.eu\/?post_type=product&#038;p=38155"},"modified":"2026-01-13T17:40:43","modified_gmt":"2026-01-13T16:40:43","slug":"p1-black","status":"publish","type":"product","link":"https:\/\/dmd.eu\/es\/prodotto\/cascos-jet\/cascos-p1\/p1-black\/","title":{"rendered":"P1 BLACK"},"content":{"rendered":"<p>El <strong>casco demi-jet P1 Black<\/strong> es un modelo en negro brillante. Cuenta con una calota compacta y un acabado uniforme que lo hacen elegante y f\u00e1cilmente adaptable a cualquier estilo. Dise\u00f1ado para el uso diario en la ciudad, est\u00e1 homologado seg\u00fan la norma ECE 22.06.<\/p>\n","protected":false},"excerpt":{"rendered":"<p>El casco demi-jet P1 Black es un modelo en negro brillante. Cuenta con una calota compacta y un acabado uniforme que lo hacen elegante y f\u00e1cilmente adaptable a cualquier estilo. Dise\u00f1ado para el uso diario en la ciudad, est\u00e1 homologado seg\u00fan la norma ECE 22.06.<\/p>\n","protected":false},"featured_media":45677,"comment_status":"closed","ping_status":"closed","template":"","meta":{"_acf_changed":false},"product_brand":[],"product_cat":[458,126],"product_tag":[],"giftcard-category":[],"class_list":{"0":"post-38155","1":"product","2":"type-product","3":"status-publish","4":"has-post-thumbnail","6":"product_cat-cascos-jet","7":"product_cat-cascos-p1","9":"first","10":"instock","11":"taxable","12":"shipping-taxable","13":"purchasable","14":"product-type-variable"},"acf":[],"jetpack_sharing_enabled":true,"_links":{"self":[{"href":"https:\/\/dmd.eu\/es\/wp-json\/wp\/v2\/product\/38155","targetHints":{"allow":["GET"]}}],"collection":[{"href":"https:\/\/dmd.eu\/es\/wp-json\/wp\/v2\/product"}],"about":[{"href":"https:\/\/dmd.eu\/es\/wp-json\/wp\/v2\/types\/product"}],"replies":[{"embeddable":true,"href":"https:\/\/dmd.eu\/es\/wp-json\/wp\/v2\/comments?post=38155"}],"wp:featuredmedia":[{"embeddable":true,"href":"https:\/\/dmd.eu\/es\/wp-json\/wp\/v2\/media\/45677"}],"wp:attachment":[{"href":"https:\/\/dmd.eu\/es\/wp-json\/wp\/v2\/media?parent=38155"}],"wp:term":[{"taxonomy":"product_brand","embeddable":true,"href":"https:\/\/dmd.eu\/es\/wp-json\/wp\/v2\/product_brand?post=38155"},{"taxonomy":"product_cat","embeddable":true,"href":"https:\/\/dmd.eu\/es\/wp-json\/wp\/v2\/product_cat?post=38155"},{"taxonomy":"product_tag","embeddable":true,"href":"https:\/\/dmd.eu\/es\/wp-json\/wp\/v2\/product_tag?post=38155"},{"taxonomy":"giftcard-category","embeddable":true,"href":"https:\/\/dmd.eu\/es\/wp-json\/wp\/v2\/giftcard-category?post=38155"}],"curies":[{"name":"wp","href":"https:\/\/api.w.org\/{rel}","templated":true}]}}