{"id":37351,"date":"2025-01-30T17:31:53","date_gmt":"2025-01-30T16:31:53","guid":{"rendered":"https:\/\/dmd.eu\/?post_type=product&#038;p=37351"},"modified":"2026-02-23T10:55:52","modified_gmt":"2026-02-23T09:55:52","slug":"line","status":"publish","type":"product","link":"https:\/\/dmd.eu\/es\/prodotto\/cascos-handmade\/line\/","title":{"rendered":"LINE"},"content":{"rendered":"<p>El <strong>casco integral Handmade Line<\/strong> se distingue por un dise\u00f1o esencial que concentra innovaci\u00f3n y tecnolog\u00eda. Este modelo forma parte de la colecci\u00f3n Handmade, ya que est\u00e1 completamente pintado a mano con un acabado especial que aporta un efecto \u201cenvejecido\u201d, haciendo que cada pieza sea \u00fanica. Un casco integral de estilo cl\u00e1sico que rinde homenaje a los a\u00f1os dorados del automovilismo, reinterpretando su esp\u00edritu en clave contempor\u00e1nea. Impactante y din\u00e1mico, en esta versi\u00f3n crema se realza con l\u00edneas racing que degradan del verde hacia tonos c\u00e1lidos de rojo, naranja y amarillo.<br \/>\nFabricado con pintura mate.<br \/>\nFabricado en Italia, con pasi\u00f3n.<\/p>\n","protected":false},"excerpt":{"rendered":"<p>El casco integral Handmade Line se distingue por un dise\u00f1o esencial que concentra innovaci\u00f3n y tecnolog\u00eda. Este modelo forma parte de la colecci\u00f3n Handmade, ya que est\u00e1 completamente pintado a mano con un acabado especial que aporta un efecto \u201cenvejecido\u201d, haciendo que cada pieza sea \u00fanica. Un casco integral de estilo cl\u00e1sico que rinde homenaje [&hellip;]<\/p>\n","protected":false},"featured_media":37394,"comment_status":"closed","ping_status":"closed","template":"","meta":{"_acf_changed":false},"product_brand":[],"product_cat":[108],"product_tag":[],"giftcard-category":[],"class_list":{"0":"post-37351","1":"product","2":"type-product","3":"status-publish","4":"has-post-thumbnail","6":"product_cat-cascos-handmade","8":"first","9":"instock","10":"taxable","11":"shipping-taxable","12":"purchasable","13":"product-type-variable"},"acf":[],"jetpack_sharing_enabled":true,"_links":{"self":[{"href":"https:\/\/dmd.eu\/es\/wp-json\/wp\/v2\/product\/37351","targetHints":{"allow":["GET"]}}],"collection":[{"href":"https:\/\/dmd.eu\/es\/wp-json\/wp\/v2\/product"}],"about":[{"href":"https:\/\/dmd.eu\/es\/wp-json\/wp\/v2\/types\/product"}],"replies":[{"embeddable":true,"href":"https:\/\/dmd.eu\/es\/wp-json\/wp\/v2\/comments?post=37351"}],"wp:featuredmedia":[{"embeddable":true,"href":"https:\/\/dmd.eu\/es\/wp-json\/wp\/v2\/media\/37394"}],"wp:attachment":[{"href":"https:\/\/dmd.eu\/es\/wp-json\/wp\/v2\/media?parent=37351"}],"wp:term":[{"taxonomy":"product_brand","embeddable":true,"href":"https:\/\/dmd.eu\/es\/wp-json\/wp\/v2\/product_brand?post=37351"},{"taxonomy":"product_cat","embeddable":true,"href":"https:\/\/dmd.eu\/es\/wp-json\/wp\/v2\/product_cat?post=37351"},{"taxonomy":"product_tag","embeddable":true,"href":"https:\/\/dmd.eu\/es\/wp-json\/wp\/v2\/product_tag?post=37351"},{"taxonomy":"giftcard-category","embeddable":true,"href":"https:\/\/dmd.eu\/es\/wp-json\/wp\/v2\/giftcard-category?post=37351"}],"curies":[{"name":"wp","href":"https:\/\/api.w.org\/{rel}","templated":true}]}}