{"id":37157,"date":"2025-01-28T11:13:55","date_gmt":"2025-01-28T10:13:55","guid":{"rendered":"https:\/\/dmd.eu\/?post_type=product&#038;p=37157"},"modified":"2025-12-02T00:13:29","modified_gmt":"2025-12-01T23:13:29","slug":"seventyseven-goggle","status":"publish","type":"product","link":"https:\/\/dmd.eu\/es\/prodotto\/cascos-integrales\/accessorios-integrales\/seventyseven-goggle\/","title":{"rendered":"SEVENTYSEVEN GOGGLE"},"content":{"rendered":"<p>El <strong>accesorio Seventyseven Goggle<\/strong> est\u00e1 dise\u00f1ado para los cascos integrales de moto DMD, m\u00e1s concretamente para la l\u00ednea Seventyseven. Se trata de una visera de estilo atractivo perfecta para proteger los ojos durante la conducci\u00f3n. La gafa Seventyseven Goggle para cascos integrales de moto Seventyseven est\u00e1 disponible en dos tipos de lentes: transparentes u oscuras.<\/p>\n","protected":false},"excerpt":{"rendered":"<p>El accesorio Seventyseven Goggle est\u00e1 dise\u00f1ado para los cascos integrales de moto DMD, m\u00e1s concretamente para la l\u00ednea Seventyseven. Se trata de una visera de estilo atractivo perfecta para proteger los ojos durante la conducci\u00f3n. La gafa Seventyseven Goggle para cascos integrales de moto Seventyseven est\u00e1 disponible en dos tipos de lentes: transparentes u oscuras.<\/p>\n","protected":false},"featured_media":37193,"comment_status":"closed","ping_status":"closed","template":"","meta":{"_acf_changed":false},"product_brand":[],"product_cat":[364,461],"product_tag":[],"giftcard-category":[],"class_list":{"0":"post-37157","1":"product","2":"type-product","3":"status-publish","4":"has-post-thumbnail","6":"product_cat-accessorios-integrales","7":"product_cat-cascos-integrales","9":"first","10":"instock","11":"taxable","12":"shipping-taxable","13":"purchasable","14":"product-type-variable"},"acf":[],"jetpack_sharing_enabled":true,"_links":{"self":[{"href":"https:\/\/dmd.eu\/es\/wp-json\/wp\/v2\/product\/37157","targetHints":{"allow":["GET"]}}],"collection":[{"href":"https:\/\/dmd.eu\/es\/wp-json\/wp\/v2\/product"}],"about":[{"href":"https:\/\/dmd.eu\/es\/wp-json\/wp\/v2\/types\/product"}],"replies":[{"embeddable":true,"href":"https:\/\/dmd.eu\/es\/wp-json\/wp\/v2\/comments?post=37157"}],"wp:featuredmedia":[{"embeddable":true,"href":"https:\/\/dmd.eu\/es\/wp-json\/wp\/v2\/media\/37193"}],"wp:attachment":[{"href":"https:\/\/dmd.eu\/es\/wp-json\/wp\/v2\/media?parent=37157"}],"wp:term":[{"taxonomy":"product_brand","embeddable":true,"href":"https:\/\/dmd.eu\/es\/wp-json\/wp\/v2\/product_brand?post=37157"},{"taxonomy":"product_cat","embeddable":true,"href":"https:\/\/dmd.eu\/es\/wp-json\/wp\/v2\/product_cat?post=37157"},{"taxonomy":"product_tag","embeddable":true,"href":"https:\/\/dmd.eu\/es\/wp-json\/wp\/v2\/product_tag?post=37157"},{"taxonomy":"giftcard-category","embeddable":true,"href":"https:\/\/dmd.eu\/es\/wp-json\/wp\/v2\/giftcard-category?post=37157"}],"curies":[{"name":"wp","href":"https:\/\/api.w.org\/{rel}","templated":true}]}}