{"id":36900,"date":"2025-01-25T12:19:35","date_gmt":"2025-01-25T11:19:35","guid":{"rendered":"https:\/\/dmd.eu\/?post_type=product&#038;p=36900"},"modified":"2025-12-02T00:13:30","modified_gmt":"2025-12-01T23:13:30","slug":"tigre","status":"publish","type":"product","link":"https:\/\/dmd.eu\/es\/prodotto\/cascos-jet\/cascos-retro\/tigre\/","title":{"rendered":"TIGRE"},"content":{"rendered":"<p>El<strong> casco jet Retro Tigre<\/strong> forma parte de la colecci\u00f3n de cascos DMD jet. Fabricado sobre una base de color crema , este modelo est\u00e1 adornado con un gr\u00e1fico de design exclusivo. D\u00e9jate conquistar por el car\u00e1cter distintivo, del casco jet Retro Tigre.<strong><br \/>\n<\/strong><\/p>\n<p>Fabricado con pintura brillante.<\/p>\n","protected":false},"excerpt":{"rendered":"<p>El casco jet Retro Tigre forma parte de la colecci\u00f3n de cascos DMD jet. Fabricado sobre una base de color crema , este modelo est\u00e1 adornado con un gr\u00e1fico de design exclusivo. D\u00e9jate conquistar por el car\u00e1cter distintivo, del casco jet Retro Tigre. Fabricado con pintura brillante.<\/p>\n","protected":false},"featured_media":36427,"comment_status":"closed","ping_status":"closed","template":"","meta":{"_acf_changed":false},"product_brand":[],"product_cat":[458,459],"product_tag":[],"giftcard-category":[],"class_list":{"0":"post-36900","1":"product","2":"type-product","3":"status-publish","4":"has-post-thumbnail","6":"product_cat-cascos-jet","7":"product_cat-cascos-retro","9":"first","10":"instock","11":"taxable","12":"shipping-taxable","13":"purchasable","14":"product-type-variable"},"acf":[],"jetpack_sharing_enabled":true,"_links":{"self":[{"href":"https:\/\/dmd.eu\/es\/wp-json\/wp\/v2\/product\/36900","targetHints":{"allow":["GET"]}}],"collection":[{"href":"https:\/\/dmd.eu\/es\/wp-json\/wp\/v2\/product"}],"about":[{"href":"https:\/\/dmd.eu\/es\/wp-json\/wp\/v2\/types\/product"}],"replies":[{"embeddable":true,"href":"https:\/\/dmd.eu\/es\/wp-json\/wp\/v2\/comments?post=36900"}],"wp:featuredmedia":[{"embeddable":true,"href":"https:\/\/dmd.eu\/es\/wp-json\/wp\/v2\/media\/36427"}],"wp:attachment":[{"href":"https:\/\/dmd.eu\/es\/wp-json\/wp\/v2\/media?parent=36900"}],"wp:term":[{"taxonomy":"product_brand","embeddable":true,"href":"https:\/\/dmd.eu\/es\/wp-json\/wp\/v2\/product_brand?post=36900"},{"taxonomy":"product_cat","embeddable":true,"href":"https:\/\/dmd.eu\/es\/wp-json\/wp\/v2\/product_cat?post=36900"},{"taxonomy":"product_tag","embeddable":true,"href":"https:\/\/dmd.eu\/es\/wp-json\/wp\/v2\/product_tag?post=36900"},{"taxonomy":"giftcard-category","embeddable":true,"href":"https:\/\/dmd.eu\/es\/wp-json\/wp\/v2\/giftcard-category?post=36900"}],"curies":[{"name":"wp","href":"https:\/\/api.w.org\/{rel}","templated":true}]}}