{"id":36741,"date":"2025-01-25T12:08:43","date_gmt":"2025-01-25T11:08:43","guid":{"rendered":"https:\/\/dmd.eu\/?post_type=product&#038;p=36741"},"modified":"2025-12-02T00:13:30","modified_gmt":"2025-12-01T23:13:30","slug":"skull","status":"publish","type":"product","link":"https:\/\/dmd.eu\/es\/prodotto\/cascos-jet\/cascos-retro\/skull\/","title":{"rendered":"SKULL"},"content":{"rendered":"<p>El <strong>casco jet Retro Skull <\/strong>tiene una base gris mate y est\u00e1 adornado con gr\u00e1ficos de fuerte car\u00e1cter. Es apto para todo tipo de motos, especialmente Harley Davidson, y est\u00e1 dedicado a los motoristas con alma de rock.<\/p>\n","protected":false},"excerpt":{"rendered":"<p>El casco jet Retro Skull tiene una base gris mate y est\u00e1 adornado con gr\u00e1ficos de fuerte car\u00e1cter. Es apto para todo tipo de motos, especialmente Harley Davidson, y est\u00e1 dedicado a los motoristas con alma de rock.<\/p>\n","protected":false},"featured_media":36452,"comment_status":"closed","ping_status":"closed","template":"","meta":{"_acf_changed":false},"product_brand":[],"product_cat":[458,459],"product_tag":[],"giftcard-category":[],"class_list":{"0":"post-36741","1":"product","2":"type-product","3":"status-publish","4":"has-post-thumbnail","6":"product_cat-cascos-jet","7":"product_cat-cascos-retro","9":"first","10":"instock","11":"taxable","12":"shipping-taxable","13":"purchasable","14":"product-type-variable"},"acf":[],"jetpack_sharing_enabled":true,"_links":{"self":[{"href":"https:\/\/dmd.eu\/es\/wp-json\/wp\/v2\/product\/36741","targetHints":{"allow":["GET"]}}],"collection":[{"href":"https:\/\/dmd.eu\/es\/wp-json\/wp\/v2\/product"}],"about":[{"href":"https:\/\/dmd.eu\/es\/wp-json\/wp\/v2\/types\/product"}],"replies":[{"embeddable":true,"href":"https:\/\/dmd.eu\/es\/wp-json\/wp\/v2\/comments?post=36741"}],"wp:featuredmedia":[{"embeddable":true,"href":"https:\/\/dmd.eu\/es\/wp-json\/wp\/v2\/media\/36452"}],"wp:attachment":[{"href":"https:\/\/dmd.eu\/es\/wp-json\/wp\/v2\/media?parent=36741"}],"wp:term":[{"taxonomy":"product_brand","embeddable":true,"href":"https:\/\/dmd.eu\/es\/wp-json\/wp\/v2\/product_brand?post=36741"},{"taxonomy":"product_cat","embeddable":true,"href":"https:\/\/dmd.eu\/es\/wp-json\/wp\/v2\/product_cat?post=36741"},{"taxonomy":"product_tag","embeddable":true,"href":"https:\/\/dmd.eu\/es\/wp-json\/wp\/v2\/product_tag?post=36741"},{"taxonomy":"giftcard-category","embeddable":true,"href":"https:\/\/dmd.eu\/es\/wp-json\/wp\/v2\/giftcard-category?post=36741"}],"curies":[{"name":"wp","href":"https:\/\/api.w.org\/{rel}","templated":true}]}}