{"id":36671,"date":"2025-01-25T11:57:12","date_gmt":"2025-01-25T10:57:12","guid":{"rendered":"https:\/\/dmd.eu\/?post_type=product&#038;p=36671"},"modified":"2025-12-02T00:13:30","modified_gmt":"2025-12-01T23:13:30","slug":"ocra","status":"publish","type":"product","link":"https:\/\/dmd.eu\/es\/prodotto\/cascos-jet\/cascos-retro\/ocra\/","title":{"rendered":"OCRA"},"content":{"rendered":"<p>El <strong>casco jet Retro Ocra<\/strong> forma parte de la colecci\u00f3n de cascos DMD jet Vintage. La calota es monocolor, realizada en color ocre: esta elecci\u00f3n confiere al casco un aspecto elegante. Peque\u00f1o y compacto, el casco jet Vintage Gold realzar\u00e1 tu look sobre tu moto, tengas la moto que tengas: Custom, Vintage, Caf\u00e9 Racer o scooter.<\/p>\n<p>Fabricado con pintura mate.<\/p>\n","protected":false},"excerpt":{"rendered":"<p>El casco jet Retro Ocra forma parte de la colecci\u00f3n de cascos DMD jet Vintage. La calota es monocolor, realizada en color ocre: esta elecci\u00f3n confiere al casco un aspecto elegante. Peque\u00f1o y compacto, el casco jet Vintage Gold realzar\u00e1 tu look sobre tu moto, tengas la moto que tengas: Custom, Vintage, Caf\u00e9 Racer o [&hellip;]<\/p>\n","protected":false},"featured_media":36462,"comment_status":"closed","ping_status":"closed","template":"","meta":{"_acf_changed":false},"product_brand":[],"product_cat":[458,459],"product_tag":[],"giftcard-category":[],"class_list":{"0":"post-36671","1":"product","2":"type-product","3":"status-publish","4":"has-post-thumbnail","6":"product_cat-cascos-jet","7":"product_cat-cascos-retro","9":"first","10":"instock","11":"taxable","12":"shipping-taxable","13":"purchasable","14":"product-type-variable"},"acf":[],"jetpack_sharing_enabled":true,"_links":{"self":[{"href":"https:\/\/dmd.eu\/es\/wp-json\/wp\/v2\/product\/36671","targetHints":{"allow":["GET"]}}],"collection":[{"href":"https:\/\/dmd.eu\/es\/wp-json\/wp\/v2\/product"}],"about":[{"href":"https:\/\/dmd.eu\/es\/wp-json\/wp\/v2\/types\/product"}],"replies":[{"embeddable":true,"href":"https:\/\/dmd.eu\/es\/wp-json\/wp\/v2\/comments?post=36671"}],"wp:featuredmedia":[{"embeddable":true,"href":"https:\/\/dmd.eu\/es\/wp-json\/wp\/v2\/media\/36462"}],"wp:attachment":[{"href":"https:\/\/dmd.eu\/es\/wp-json\/wp\/v2\/media?parent=36671"}],"wp:term":[{"taxonomy":"product_brand","embeddable":true,"href":"https:\/\/dmd.eu\/es\/wp-json\/wp\/v2\/product_brand?post=36671"},{"taxonomy":"product_cat","embeddable":true,"href":"https:\/\/dmd.eu\/es\/wp-json\/wp\/v2\/product_cat?post=36671"},{"taxonomy":"product_tag","embeddable":true,"href":"https:\/\/dmd.eu\/es\/wp-json\/wp\/v2\/product_tag?post=36671"},{"taxonomy":"giftcard-category","embeddable":true,"href":"https:\/\/dmd.eu\/es\/wp-json\/wp\/v2\/giftcard-category?post=36671"}],"curies":[{"name":"wp","href":"https:\/\/api.w.org\/{rel}","templated":true}]}}