{"id":36198,"date":"2025-01-16T14:36:13","date_gmt":"2025-01-16T13:36:13","guid":{"rendered":"https:\/\/dmd.eu\/?post_type=product&#038;p=36198"},"modified":"2025-12-02T00:13:32","modified_gmt":"2025-12-01T23:13:32","slug":"purple-solid","status":"publish","type":"product","link":"https:\/\/dmd.eu\/es\/prodotto\/cascos-jet\/cascos-retro\/purple-solid\/","title":{"rendered":"PURPLE SOLID"},"content":{"rendered":"<p>El <strong>casco jet Retro Purple<\/strong> forma parte de la colecci\u00f3n de cascos DMD jet Vintage. La calota es monocolor, realizada en color p\u00farpura: esta elecci\u00f3n confiere al casco un aspecto elegante. Peque\u00f1o y compacto, el casco jet Vintage Gold realzar\u00e1 tu look sobre tu moto, tengas la moto que tengas: Custom, Vintage, Caf\u00e9 Racer o scooter.<\/p>\n<p>Fabricado ocn pintura brillante<\/p>\n","protected":false},"excerpt":{"rendered":"<p>El casco jet Retro Purple forma parte de la colecci\u00f3n de cascos DMD jet Vintage. La calota es monocolor, realizada en color p\u00farpura: esta elecci\u00f3n confiere al casco un aspecto elegante. Peque\u00f1o y compacto, el casco jet Vintage Gold realzar\u00e1 tu look sobre tu moto, tengas la moto que tengas: Custom, Vintage, Caf\u00e9 Racer o [&hellip;]<\/p>\n","protected":false},"featured_media":36230,"comment_status":"closed","ping_status":"closed","template":"","meta":{"_acf_changed":false},"product_brand":[],"product_cat":[458,459],"product_tag":[],"giftcard-category":[],"class_list":{"0":"post-36198","1":"product","2":"type-product","3":"status-publish","4":"has-post-thumbnail","6":"product_cat-cascos-jet","7":"product_cat-cascos-retro","9":"first","10":"instock","11":"taxable","12":"shipping-taxable","13":"purchasable","14":"product-type-variable"},"acf":[],"jetpack_sharing_enabled":true,"_links":{"self":[{"href":"https:\/\/dmd.eu\/es\/wp-json\/wp\/v2\/product\/36198","targetHints":{"allow":["GET"]}}],"collection":[{"href":"https:\/\/dmd.eu\/es\/wp-json\/wp\/v2\/product"}],"about":[{"href":"https:\/\/dmd.eu\/es\/wp-json\/wp\/v2\/types\/product"}],"replies":[{"embeddable":true,"href":"https:\/\/dmd.eu\/es\/wp-json\/wp\/v2\/comments?post=36198"}],"wp:featuredmedia":[{"embeddable":true,"href":"https:\/\/dmd.eu\/es\/wp-json\/wp\/v2\/media\/36230"}],"wp:attachment":[{"href":"https:\/\/dmd.eu\/es\/wp-json\/wp\/v2\/media?parent=36198"}],"wp:term":[{"taxonomy":"product_brand","embeddable":true,"href":"https:\/\/dmd.eu\/es\/wp-json\/wp\/v2\/product_brand?post=36198"},{"taxonomy":"product_cat","embeddable":true,"href":"https:\/\/dmd.eu\/es\/wp-json\/wp\/v2\/product_cat?post=36198"},{"taxonomy":"product_tag","embeddable":true,"href":"https:\/\/dmd.eu\/es\/wp-json\/wp\/v2\/product_tag?post=36198"},{"taxonomy":"giftcard-category","embeddable":true,"href":"https:\/\/dmd.eu\/es\/wp-json\/wp\/v2\/giftcard-category?post=36198"}],"curies":[{"name":"wp","href":"https:\/\/api.w.org\/{rel}","templated":true}]}}