{"id":35971,"date":"2025-01-13T15:01:18","date_gmt":"2025-01-13T14:01:18","guid":{"rendered":"https:\/\/dmd.eu\/?post_type=product&#038;p=35971"},"modified":"2025-12-02T00:13:32","modified_gmt":"2025-12-01T23:13:32","slug":"inner-lining-retro","status":"publish","type":"product","link":"https:\/\/dmd.eu\/es\/prodotto\/cascos-jet\/accessorios-cascos\/inner-lining-retro\/","title":{"rendered":"INNER LINING RETRO"},"content":{"rendered":"<p>El <strong>accesorio Inner Lining Retro<\/strong> es un forro interior totalmente desmontable y lavable para la l\u00ednea de cascos de moto DMD jet Retro. El acolchado a la altura de la cabeza y las almohadillas de las mejillas son extra\u00edbles para un mejor ajuste. El forro interior Retro le permite cambiar la talla de su casco jet Retro, pero s\u00f3lo si la talla de la calota es la misma. Est\u00e1 disponible desde la de la talla XS a la XXL.<\/p>\n","protected":false},"excerpt":{"rendered":"<p>El accesorio Inner Lining Retro es un forro interior totalmente desmontable y lavable para la l\u00ednea de cascos de moto DMD jet Retro. El acolchado a la altura de la cabeza y las almohadillas de las mejillas son extra\u00edbles para un mejor ajuste. El forro interior Retro le permite cambiar la talla de su casco [&hellip;]<\/p>\n","protected":false},"featured_media":35999,"comment_status":"closed","ping_status":"closed","template":"","meta":{"_acf_changed":false},"product_brand":[],"product_cat":[184,458],"product_tag":[],"giftcard-category":[],"class_list":{"0":"post-35971","1":"product","2":"type-product","3":"status-publish","4":"has-post-thumbnail","6":"product_cat-accessorios-cascos","7":"product_cat-cascos-jet","9":"first","10":"instock","11":"taxable","12":"shipping-taxable","13":"purchasable","14":"product-type-variable"},"acf":[],"jetpack_sharing_enabled":true,"_links":{"self":[{"href":"https:\/\/dmd.eu\/es\/wp-json\/wp\/v2\/product\/35971","targetHints":{"allow":["GET"]}}],"collection":[{"href":"https:\/\/dmd.eu\/es\/wp-json\/wp\/v2\/product"}],"about":[{"href":"https:\/\/dmd.eu\/es\/wp-json\/wp\/v2\/types\/product"}],"replies":[{"embeddable":true,"href":"https:\/\/dmd.eu\/es\/wp-json\/wp\/v2\/comments?post=35971"}],"wp:featuredmedia":[{"embeddable":true,"href":"https:\/\/dmd.eu\/es\/wp-json\/wp\/v2\/media\/35999"}],"wp:attachment":[{"href":"https:\/\/dmd.eu\/es\/wp-json\/wp\/v2\/media?parent=35971"}],"wp:term":[{"taxonomy":"product_brand","embeddable":true,"href":"https:\/\/dmd.eu\/es\/wp-json\/wp\/v2\/product_brand?post=35971"},{"taxonomy":"product_cat","embeddable":true,"href":"https:\/\/dmd.eu\/es\/wp-json\/wp\/v2\/product_cat?post=35971"},{"taxonomy":"product_tag","embeddable":true,"href":"https:\/\/dmd.eu\/es\/wp-json\/wp\/v2\/product_tag?post=35971"},{"taxonomy":"giftcard-category","embeddable":true,"href":"https:\/\/dmd.eu\/es\/wp-json\/wp\/v2\/giftcard-category?post=35971"}],"curies":[{"name":"wp","href":"https:\/\/api.w.org\/{rel}","templated":true}]}}