{"id":3298,"date":"2023-08-17T23:32:56","date_gmt":"2023-08-17T21:32:56","guid":{"rendered":"https:\/\/www.dmd.eu\/product\/sin%20categor\u00eda\/racer-flash\/"},"modified":"2026-01-10T21:55:46","modified_gmt":"2026-01-10T20:55:46","slug":"racer-flash","status":"publish","type":"product","link":"https:\/\/dmd.eu\/es\/prodotto\/ventas\/cascos-sale\/racer-flash\/","title":{"rendered":"RACER FLASH"},"content":{"rendered":"<p>El <strong>casco integral Racer Flash<\/strong> ofrece la m\u00e1xima protecci\u00f3n, seguridad y comodidad especialmente para los amantes de la velocidad. La elecci\u00f3n monocrom\u00e1tica del color blanco brillante enriquecido por el rayo negro con ere al casco integral Racer Flash un estilo minimalista y elegante, ideal cuando se combina con motos Custom, Vintage, Caf\u00e9 Racer o Harley Davidson.<\/p>\n<p>*Modelo homologado ECE 22.05, conforme a la normativa vial, que te permite seguir utiliz\u00e1ndolo de forma segura y sin preocupaciones.<\/p>\n","protected":false},"excerpt":{"rendered":"<p>El casco integral Racer Flash ofrece la m\u00e1xima protecci\u00f3n, seguridad y comodidad especialmente para los amantes de la velocidad. La elecci\u00f3n monocrom\u00e1tica del color blanco brillante enriquecido por el rayo negro con ere al casco integral Racer Flash un estilo minimalista y elegante, ideal cuando se combina con motos Custom, Vintage, Caf\u00e9 Racer o Harley [&hellip;]<\/p>\n","protected":false},"featured_media":3104,"comment_status":"closed","ping_status":"closed","template":"","meta":{"_acf_changed":false},"product_brand":[],"product_cat":[423,410],"product_tag":[],"giftcard-category":[],"class_list":{"0":"post-3298","1":"product","2":"type-product","3":"status-publish","4":"has-post-thumbnail","6":"product_cat-cascos-sale","7":"product_cat-ventas","9":"first","10":"outofstock","11":"sale","12":"taxable","13":"shipping-taxable","14":"purchasable","15":"product-type-variable"},"acf":[],"jetpack_sharing_enabled":true,"_links":{"self":[{"href":"https:\/\/dmd.eu\/es\/wp-json\/wp\/v2\/product\/3298","targetHints":{"allow":["GET"]}}],"collection":[{"href":"https:\/\/dmd.eu\/es\/wp-json\/wp\/v2\/product"}],"about":[{"href":"https:\/\/dmd.eu\/es\/wp-json\/wp\/v2\/types\/product"}],"replies":[{"embeddable":true,"href":"https:\/\/dmd.eu\/es\/wp-json\/wp\/v2\/comments?post=3298"}],"wp:featuredmedia":[{"embeddable":true,"href":"https:\/\/dmd.eu\/es\/wp-json\/wp\/v2\/media\/3104"}],"wp:attachment":[{"href":"https:\/\/dmd.eu\/es\/wp-json\/wp\/v2\/media?parent=3298"}],"wp:term":[{"taxonomy":"product_brand","embeddable":true,"href":"https:\/\/dmd.eu\/es\/wp-json\/wp\/v2\/product_brand?post=3298"},{"taxonomy":"product_cat","embeddable":true,"href":"https:\/\/dmd.eu\/es\/wp-json\/wp\/v2\/product_cat?post=3298"},{"taxonomy":"product_tag","embeddable":true,"href":"https:\/\/dmd.eu\/es\/wp-json\/wp\/v2\/product_tag?post=3298"},{"taxonomy":"giftcard-category","embeddable":true,"href":"https:\/\/dmd.eu\/es\/wp-json\/wp\/v2\/giftcard-category?post=3298"}],"curies":[{"name":"wp","href":"https:\/\/api.w.org\/{rel}","templated":true}]}}