{"id":32950,"date":"2024-11-15T16:54:49","date_gmt":"2024-11-15T15:54:49","guid":{"rendered":"https:\/\/dmd.eu\/?post_type=product&#038;p=32950"},"modified":"2026-03-26T23:10:32","modified_gmt":"2026-03-26T22:10:32","slug":"racer-matt-grey","status":"publish","type":"product","link":"https:\/\/dmd.eu\/es\/prodotto\/ventas\/cascos-sale\/racer-matt-grey\/","title":{"rendered":"RACER MATT GREY"},"content":{"rendered":"<p>El <strong>casco integral Racer Matt Grey<\/strong> est\u00e1 fabricado en gris con un detalle mate. La elecci\u00f3n monocrom\u00e1tica con ere a este modelo un estilo limpio y minimalista, lo que hace que el casco integral Racer Matt Grey sea perfecto para conducir motos de diferentes estilos, como Custom, Vintage, Caf\u00e9 Racer o Harley Davidson.<\/p>\n<p>*Modelo homologado ECE 22.05, conforme a la normativa vial, que te permite seguir utiliz\u00e1ndolo de forma segura y sin preocupaciones.<\/p>\n","protected":false},"excerpt":{"rendered":"<p>El casco integral Racer Matt Grey est\u00e1 fabricado en gris con un detalle mate. La elecci\u00f3n monocrom\u00e1tica con ere a este modelo un estilo limpio y minimalista, lo que hace que el casco integral Racer Matt Grey sea perfecto para conducir motos de diferentes estilos, como Custom, Vintage, Caf\u00e9 Racer o Harley Davidson. *Modelo homologado [&hellip;]<\/p>\n","protected":false},"featured_media":32979,"comment_status":"closed","ping_status":"closed","template":"","meta":{"_acf_changed":false},"product_brand":[],"product_cat":[423,410],"product_tag":[],"giftcard-category":[],"class_list":{"0":"post-32950","1":"product","2":"type-product","3":"status-publish","4":"has-post-thumbnail","6":"product_cat-cascos-sale","7":"product_cat-ventas","9":"first","10":"instock","11":"sale","12":"taxable","13":"shipping-taxable","14":"purchasable","15":"product-type-variable"},"acf":[],"jetpack_sharing_enabled":true,"_links":{"self":[{"href":"https:\/\/dmd.eu\/es\/wp-json\/wp\/v2\/product\/32950","targetHints":{"allow":["GET"]}}],"collection":[{"href":"https:\/\/dmd.eu\/es\/wp-json\/wp\/v2\/product"}],"about":[{"href":"https:\/\/dmd.eu\/es\/wp-json\/wp\/v2\/types\/product"}],"replies":[{"embeddable":true,"href":"https:\/\/dmd.eu\/es\/wp-json\/wp\/v2\/comments?post=32950"}],"wp:featuredmedia":[{"embeddable":true,"href":"https:\/\/dmd.eu\/es\/wp-json\/wp\/v2\/media\/32979"}],"wp:attachment":[{"href":"https:\/\/dmd.eu\/es\/wp-json\/wp\/v2\/media?parent=32950"}],"wp:term":[{"taxonomy":"product_brand","embeddable":true,"href":"https:\/\/dmd.eu\/es\/wp-json\/wp\/v2\/product_brand?post=32950"},{"taxonomy":"product_cat","embeddable":true,"href":"https:\/\/dmd.eu\/es\/wp-json\/wp\/v2\/product_cat?post=32950"},{"taxonomy":"product_tag","embeddable":true,"href":"https:\/\/dmd.eu\/es\/wp-json\/wp\/v2\/product_tag?post=32950"},{"taxonomy":"giftcard-category","embeddable":true,"href":"https:\/\/dmd.eu\/es\/wp-json\/wp\/v2\/giftcard-category?post=32950"}],"curies":[{"name":"wp","href":"https:\/\/api.w.org\/{rel}","templated":true}]}}