{"id":32130,"date":"2024-11-15T11:34:43","date_gmt":"2024-11-15T10:34:43","guid":{"rendered":"https:\/\/dmd.eu\/?post_type=product&#038;p=32130"},"modified":"2025-12-02T00:13:35","modified_gmt":"2025-12-01T23:13:35","slug":"seventyseven-matt-black","status":"publish","type":"product","link":"https:\/\/dmd.eu\/es\/prodotto\/cascos-integrales\/cascos-seventyseven\/seventyseven-matt-black\/","title":{"rendered":"SEVENTYSEVEN MATT BLACK"},"content":{"rendered":"<p>El casco <strong>integral Seventyseven Matt Black<\/strong> se inspira en un modelo ic\u00f3nico de los a\u00f1os setenta. Es muy ligero, ofreciendo la m\u00e1xima comodidad al llevarlo puesto, y garantiza la seguridad t\u00edpica de los cascos integrales. Su base neutra lo hace compatible con cualquier tipo de moto, ya sea una Custom, Vintage o Caf\u00e9 Racer. Dispone de una visera interna retr\u00e1ctil para el sol, lo que lo hace pr\u00e1ctico, c\u00f3modo y seguro.<\/p>\n<p>&nbsp;<\/p>\n","protected":false},"excerpt":{"rendered":"<p>El casco integral Seventyseven Matt Black se inspira en un modelo ic\u00f3nico de los a\u00f1os setenta. Es muy ligero, ofreciendo la m\u00e1xima comodidad al llevarlo puesto, y garantiza la seguridad t\u00edpica de los cascos integrales. Su base neutra lo hace compatible con cualquier tipo de moto, ya sea una Custom, Vintage o Caf\u00e9 Racer. Dispone [&hellip;]<\/p>\n","protected":false},"featured_media":46887,"comment_status":"closed","ping_status":"closed","template":"","meta":{"_acf_changed":false},"product_brand":[],"product_cat":[461,465],"product_tag":[],"giftcard-category":[],"class_list":{"0":"post-32130","1":"product","2":"type-product","3":"status-publish","4":"has-post-thumbnail","6":"product_cat-cascos-integrales","7":"product_cat-cascos-seventyseven","9":"first","10":"instock","11":"taxable","12":"shipping-taxable","13":"purchasable","14":"product-type-variable"},"acf":[],"jetpack_sharing_enabled":true,"_links":{"self":[{"href":"https:\/\/dmd.eu\/es\/wp-json\/wp\/v2\/product\/32130","targetHints":{"allow":["GET"]}}],"collection":[{"href":"https:\/\/dmd.eu\/es\/wp-json\/wp\/v2\/product"}],"about":[{"href":"https:\/\/dmd.eu\/es\/wp-json\/wp\/v2\/types\/product"}],"replies":[{"embeddable":true,"href":"https:\/\/dmd.eu\/es\/wp-json\/wp\/v2\/comments?post=32130"}],"wp:featuredmedia":[{"embeddable":true,"href":"https:\/\/dmd.eu\/es\/wp-json\/wp\/v2\/media\/46887"}],"wp:attachment":[{"href":"https:\/\/dmd.eu\/es\/wp-json\/wp\/v2\/media?parent=32130"}],"wp:term":[{"taxonomy":"product_brand","embeddable":true,"href":"https:\/\/dmd.eu\/es\/wp-json\/wp\/v2\/product_brand?post=32130"},{"taxonomy":"product_cat","embeddable":true,"href":"https:\/\/dmd.eu\/es\/wp-json\/wp\/v2\/product_cat?post=32130"},{"taxonomy":"product_tag","embeddable":true,"href":"https:\/\/dmd.eu\/es\/wp-json\/wp\/v2\/product_tag?post=32130"},{"taxonomy":"giftcard-category","embeddable":true,"href":"https:\/\/dmd.eu\/es\/wp-json\/wp\/v2\/giftcard-category?post=32130"}],"curies":[{"name":"wp","href":"https:\/\/api.w.org\/{rel}","templated":true}]}}