{"id":29675,"date":"2024-07-17T17:21:38","date_gmt":"2024-07-17T15:21:38","guid":{"rendered":"https:\/\/www.dmd.eu\/?post_type=product&#038;p=29675"},"modified":"2025-12-02T00:13:37","modified_gmt":"2025-12-01T23:13:37","slug":"trip","status":"publish","type":"product","link":"https:\/\/dmd.eu\/es\/prodotto\/cascos-jet\/cascos-retro\/trip\/","title":{"rendered":"TRIP"},"content":{"rendered":"<p>El<strong> casco jet Retro Trip<\/strong> forma parte de la colecci\u00f3n de cascos DMD jet. Fabricado sobre una base marr\u00f3n metalizado, este modelo est\u00e1 adornado con un gr\u00e1fico de design exclusivo. D\u00e9jate conquistar por el car\u00e1cter distintivo, combinado con un toque de locura, del casco jet Retro Trip.<strong><br \/>\n<\/strong><\/p>\n","protected":false},"excerpt":{"rendered":"<p>El casco jet Retro Trip forma parte de la colecci\u00f3n de cascos DMD jet. Fabricado sobre una base marr\u00f3n metalizado, este modelo est\u00e1 adornado con un gr\u00e1fico de design exclusivo. D\u00e9jate conquistar por el car\u00e1cter distintivo, combinado con un toque de locura, del casco jet Retro Trip.<\/p>\n","protected":false},"featured_media":40015,"comment_status":"closed","ping_status":"closed","template":"","meta":{"_acf_changed":false},"product_brand":[],"product_cat":[458,459],"product_tag":[],"giftcard-category":[],"class_list":{"0":"post-29675","1":"product","2":"type-product","3":"status-publish","4":"has-post-thumbnail","6":"product_cat-cascos-jet","7":"product_cat-cascos-retro","9":"first","10":"instock","11":"taxable","12":"shipping-taxable","13":"purchasable","14":"product-type-variable"},"acf":[],"jetpack_sharing_enabled":true,"_links":{"self":[{"href":"https:\/\/dmd.eu\/es\/wp-json\/wp\/v2\/product\/29675","targetHints":{"allow":["GET"]}}],"collection":[{"href":"https:\/\/dmd.eu\/es\/wp-json\/wp\/v2\/product"}],"about":[{"href":"https:\/\/dmd.eu\/es\/wp-json\/wp\/v2\/types\/product"}],"replies":[{"embeddable":true,"href":"https:\/\/dmd.eu\/es\/wp-json\/wp\/v2\/comments?post=29675"}],"wp:featuredmedia":[{"embeddable":true,"href":"https:\/\/dmd.eu\/es\/wp-json\/wp\/v2\/media\/40015"}],"wp:attachment":[{"href":"https:\/\/dmd.eu\/es\/wp-json\/wp\/v2\/media?parent=29675"}],"wp:term":[{"taxonomy":"product_brand","embeddable":true,"href":"https:\/\/dmd.eu\/es\/wp-json\/wp\/v2\/product_brand?post=29675"},{"taxonomy":"product_cat","embeddable":true,"href":"https:\/\/dmd.eu\/es\/wp-json\/wp\/v2\/product_cat?post=29675"},{"taxonomy":"product_tag","embeddable":true,"href":"https:\/\/dmd.eu\/es\/wp-json\/wp\/v2\/product_tag?post=29675"},{"taxonomy":"giftcard-category","embeddable":true,"href":"https:\/\/dmd.eu\/es\/wp-json\/wp\/v2\/giftcard-category?post=29675"}],"curies":[{"name":"wp","href":"https:\/\/api.w.org\/{rel}","templated":true}]}}