{"id":2925,"date":"2023-08-16T16:44:56","date_gmt":"2023-08-16T14:44:56","guid":{"rendered":"https:\/\/www.dmd.eu\/product\/sin%20categor\u00eda\/p1-star-grey\/"},"modified":"2026-01-12T12:50:22","modified_gmt":"2026-01-12T11:50:22","slug":"p1-star-grey","status":"publish","type":"product","link":"https:\/\/dmd.eu\/es\/prodotto\/cascos-jet\/cascos-p1\/p1-star-grey\/","title":{"rendered":"P1 STAR GREY"},"content":{"rendered":"<p>El <strong>casco demi-jet P1 Star Grey<\/strong> toma su nombre de su color. Su gr\u00e1fica sencilla \u2014una estrella negra sobre base gris mate\u2014 recuerda a los hist\u00f3ricos modelos Stars and Stripes de los a\u00f1os setenta. Sus l\u00edneas simples satisfacen al motociclista amante de lo vintage, pero tambi\u00e9n al usuario de scooter que busca un casco c\u00f3modo, peque\u00f1o, seguro y original.<\/p>\n","protected":false},"excerpt":{"rendered":"<p>El casco demi-jet P1 Star Grey toma su nombre de su color. Su gr\u00e1fica sencilla \u2014una estrella negra sobre base gris mate\u2014 recuerda a los hist\u00f3ricos modelos Stars and Stripes de los a\u00f1os setenta. Sus l\u00edneas simples satisfacen al motociclista amante de lo vintage, pero tambi\u00e9n al usuario de scooter que busca un casco c\u00f3modo, [&hellip;]<\/p>\n","protected":false},"featured_media":54958,"comment_status":"closed","ping_status":"closed","template":"","meta":{"_acf_changed":false},"product_brand":[],"product_cat":[458,126],"product_tag":[],"giftcard-category":[],"class_list":{"0":"post-2925","1":"product","2":"type-product","3":"status-publish","4":"has-post-thumbnail","6":"product_cat-cascos-jet","7":"product_cat-cascos-p1","9":"first","10":"instock","11":"taxable","12":"shipping-taxable","13":"purchasable","14":"product-type-variable"},"acf":[],"jetpack_sharing_enabled":true,"_links":{"self":[{"href":"https:\/\/dmd.eu\/es\/wp-json\/wp\/v2\/product\/2925","targetHints":{"allow":["GET"]}}],"collection":[{"href":"https:\/\/dmd.eu\/es\/wp-json\/wp\/v2\/product"}],"about":[{"href":"https:\/\/dmd.eu\/es\/wp-json\/wp\/v2\/types\/product"}],"replies":[{"embeddable":true,"href":"https:\/\/dmd.eu\/es\/wp-json\/wp\/v2\/comments?post=2925"}],"wp:featuredmedia":[{"embeddable":true,"href":"https:\/\/dmd.eu\/es\/wp-json\/wp\/v2\/media\/54958"}],"wp:attachment":[{"href":"https:\/\/dmd.eu\/es\/wp-json\/wp\/v2\/media?parent=2925"}],"wp:term":[{"taxonomy":"product_brand","embeddable":true,"href":"https:\/\/dmd.eu\/es\/wp-json\/wp\/v2\/product_brand?post=2925"},{"taxonomy":"product_cat","embeddable":true,"href":"https:\/\/dmd.eu\/es\/wp-json\/wp\/v2\/product_cat?post=2925"},{"taxonomy":"product_tag","embeddable":true,"href":"https:\/\/dmd.eu\/es\/wp-json\/wp\/v2\/product_tag?post=2925"},{"taxonomy":"giftcard-category","embeddable":true,"href":"https:\/\/dmd.eu\/es\/wp-json\/wp\/v2\/giftcard-category?post=2925"}],"curies":[{"name":"wp","href":"https:\/\/api.w.org\/{rel}","templated":true}]}}