{"id":27032,"date":"2024-06-19T10:37:42","date_gmt":"2024-06-19T08:37:42","guid":{"rendered":"https:\/\/www.dmd.eu\/?post_type=product&#038;p=27032"},"modified":"2025-12-22T13:27:08","modified_gmt":"2025-12-22T12:27:08","slug":"pillow-matt-grey-brown","status":"publish","type":"product","link":"https:\/\/dmd.eu\/es\/prodotto\/ventas\/cascos-sale\/pillow-matt-grey-brown\/","title":{"rendered":"PILLOW MATT GREY\/BROWN"},"content":{"rendered":"<p>El <strong>casco jet Vintage Pillow <\/strong>tiene una base gris mate y un ribete marr\u00f3n e interior de cuero marr\u00f3n.<br \/>\nComo todos los productos DMD, est\u00e1 hecho de materiales de alta calidad que lo hacen ligero, suave y particularmente c\u00f3modo. La base neutra, enriquecida por el toque de color del ribete de cuero, hace que combine con cualquier tipo de moto, ya sea una moto Custom, Vintage o Caf\u00e9 racer.<\/p>\n<p>*Modelo homologado ECE 22.05, conforme a la normativa vial, que te permite seguir utiliz\u00e1ndolo de forma segura y sin preocupaciones.<\/p>\n","protected":false},"excerpt":{"rendered":"<p>El casco jet Vintage Pillow tiene una base gris mate y un ribete marr\u00f3n e interior de cuero marr\u00f3n. Como todos los productos DMD, est\u00e1 hecho de materiales de alta calidad que lo hacen ligero, suave y particularmente c\u00f3modo. La base neutra, enriquecida por el toque de color del ribete de cuero, hace que combine [&hellip;]<\/p>\n","protected":false},"featured_media":27085,"comment_status":"closed","ping_status":"closed","template":"","meta":{"_acf_changed":false},"product_brand":[],"product_cat":[423,410],"product_tag":[],"giftcard-category":[],"class_list":{"0":"post-27032","1":"product","2":"type-product","3":"status-publish","4":"has-post-thumbnail","6":"product_cat-cascos-sale","7":"product_cat-ventas","9":"first","10":"instock","11":"sale","12":"taxable","13":"shipping-taxable","14":"purchasable","15":"product-type-variable"},"acf":[],"jetpack_sharing_enabled":true,"_links":{"self":[{"href":"https:\/\/dmd.eu\/es\/wp-json\/wp\/v2\/product\/27032","targetHints":{"allow":["GET"]}}],"collection":[{"href":"https:\/\/dmd.eu\/es\/wp-json\/wp\/v2\/product"}],"about":[{"href":"https:\/\/dmd.eu\/es\/wp-json\/wp\/v2\/types\/product"}],"replies":[{"embeddable":true,"href":"https:\/\/dmd.eu\/es\/wp-json\/wp\/v2\/comments?post=27032"}],"wp:featuredmedia":[{"embeddable":true,"href":"https:\/\/dmd.eu\/es\/wp-json\/wp\/v2\/media\/27085"}],"wp:attachment":[{"href":"https:\/\/dmd.eu\/es\/wp-json\/wp\/v2\/media?parent=27032"}],"wp:term":[{"taxonomy":"product_brand","embeddable":true,"href":"https:\/\/dmd.eu\/es\/wp-json\/wp\/v2\/product_brand?post=27032"},{"taxonomy":"product_cat","embeddable":true,"href":"https:\/\/dmd.eu\/es\/wp-json\/wp\/v2\/product_cat?post=27032"},{"taxonomy":"product_tag","embeddable":true,"href":"https:\/\/dmd.eu\/es\/wp-json\/wp\/v2\/product_tag?post=27032"},{"taxonomy":"giftcard-category","embeddable":true,"href":"https:\/\/dmd.eu\/es\/wp-json\/wp\/v2\/giftcard-category?post=27032"}],"curies":[{"name":"wp","href":"https:\/\/api.w.org\/{rel}","templated":true}]}}