{"id":26729,"date":"2024-06-04T10:40:25","date_gmt":"2024-06-04T08:40:25","guid":{"rendered":"https:\/\/www.dmd.eu\/?post_type=product&#038;p=26729"},"modified":"2025-12-02T00:13:39","modified_gmt":"2025-12-01T23:13:39","slug":"rio","status":"publish","type":"product","link":"https:\/\/dmd.eu\/es\/prodotto\/cascos-oro\/rio\/","title":{"rendered":"RIO"},"content":{"rendered":"<p>El <strong>casco<\/strong> <strong>jet Vintage Rio<\/strong> est\u00e1 hecho de materiales de alta calidad que lo hacen ligero, suave y particularmente c\u00f3modo. La elecci\u00f3n monocrom\u00e1tica del color verde petr\u00f3leo con detalle brillante combinada con el ribete de cuero amarillo brillante dan al casco jet Vintage Rio un toque inesperadamente brillante y es perfecto para los verdaderos amantes del estilo retro. El interior de cuero y shalimar es de color negro. Dedicado a todos los pilotos que aman un producto de calidad, capaz de satisfacer todas las normas de seguridad modernas perfecta para quien conduce Custom, Vintage, Caf\u00e8 racer, Harley Davidson, Triumph, BMW, Honda, Guzzi, e Indian<\/p>\n","protected":false},"excerpt":{"rendered":"<p>El casco jet Vintage Rio est\u00e1 hecho de materiales de alta calidad que lo hacen ligero, suave y particularmente c\u00f3modo. La elecci\u00f3n monocrom\u00e1tica del color verde petr\u00f3leo con detalle brillante combinada con el ribete de cuero amarillo brillante dan al casco jet Vintage Rio un toque inesperadamente brillante y es perfecto para los verdaderos amantes [&hellip;]<\/p>\n","protected":false},"featured_media":26767,"comment_status":"closed","ping_status":"closed","template":"","meta":{"_acf_changed":false},"product_brand":[],"product_cat":[58],"product_tag":[],"giftcard-category":[],"class_list":{"0":"post-26729","1":"product","2":"type-product","3":"status-publish","4":"has-post-thumbnail","6":"product_cat-cascos-oro","8":"first","9":"instock","10":"sale","11":"taxable","12":"shipping-taxable","13":"purchasable","14":"product-type-variable"},"acf":[],"jetpack_sharing_enabled":true,"_links":{"self":[{"href":"https:\/\/dmd.eu\/es\/wp-json\/wp\/v2\/product\/26729","targetHints":{"allow":["GET"]}}],"collection":[{"href":"https:\/\/dmd.eu\/es\/wp-json\/wp\/v2\/product"}],"about":[{"href":"https:\/\/dmd.eu\/es\/wp-json\/wp\/v2\/types\/product"}],"replies":[{"embeddable":true,"href":"https:\/\/dmd.eu\/es\/wp-json\/wp\/v2\/comments?post=26729"}],"wp:featuredmedia":[{"embeddable":true,"href":"https:\/\/dmd.eu\/es\/wp-json\/wp\/v2\/media\/26767"}],"wp:attachment":[{"href":"https:\/\/dmd.eu\/es\/wp-json\/wp\/v2\/media?parent=26729"}],"wp:term":[{"taxonomy":"product_brand","embeddable":true,"href":"https:\/\/dmd.eu\/es\/wp-json\/wp\/v2\/product_brand?post=26729"},{"taxonomy":"product_cat","embeddable":true,"href":"https:\/\/dmd.eu\/es\/wp-json\/wp\/v2\/product_cat?post=26729"},{"taxonomy":"product_tag","embeddable":true,"href":"https:\/\/dmd.eu\/es\/wp-json\/wp\/v2\/product_tag?post=26729"},{"taxonomy":"giftcard-category","embeddable":true,"href":"https:\/\/dmd.eu\/es\/wp-json\/wp\/v2\/giftcard-category?post=26729"}],"curies":[{"name":"wp","href":"https:\/\/api.w.org\/{rel}","templated":true}]}}