{"id":26362,"date":"2024-06-04T10:10:40","date_gmt":"2024-06-04T08:10:40","guid":{"rendered":"https:\/\/www.dmd.eu\/?post_type=product&#038;p=26362"},"modified":"2025-12-02T00:13:39","modified_gmt":"2025-12-01T23:13:39","slug":"bergamo","status":"publish","type":"product","link":"https:\/\/dmd.eu\/es\/prodotto\/cascos-oro\/bergamo\/","title":{"rendered":"BERGAMO"},"content":{"rendered":"<p>El <strong>casco integral Seventyfive Bergamo<\/strong> tiene una base de color negro mate con detalles de cuero verde y el forro interior negro.<br \/>\nComo todos los productos de la colecci\u00f3n oro, est\u00e1 hecho de materiales de alta calidad que lo hacen ligero, suave y particularmente c\u00f3modo.<br \/>\nLa base neutra, enriquecida por el toque de color en los bordes, hace que combine con cualquier tipo de moto, ya sea Custom, Vintage o Caf\u00e9 Racer.<\/p>\n","protected":false},"excerpt":{"rendered":"<p>El casco integral Seventyfive Bergamo tiene una base de color negro mate con detalles de cuero verde y el forro interior negro. Como todos los productos de la colecci\u00f3n oro, est\u00e1 hecho de materiales de alta calidad que lo hacen ligero, suave y particularmente c\u00f3modo. La base neutra, enriquecida por el toque de color en [&hellip;]<\/p>\n","protected":false},"featured_media":26399,"comment_status":"closed","ping_status":"closed","template":"","meta":{"_acf_changed":false},"product_brand":[],"product_cat":[58],"product_tag":[],"giftcard-category":[],"class_list":{"0":"post-26362","1":"product","2":"type-product","3":"status-publish","4":"has-post-thumbnail","6":"product_cat-cascos-oro","8":"first","9":"instock","10":"sale","11":"taxable","12":"shipping-taxable","13":"purchasable","14":"product-type-variable"},"acf":[],"jetpack_sharing_enabled":true,"_links":{"self":[{"href":"https:\/\/dmd.eu\/es\/wp-json\/wp\/v2\/product\/26362","targetHints":{"allow":["GET"]}}],"collection":[{"href":"https:\/\/dmd.eu\/es\/wp-json\/wp\/v2\/product"}],"about":[{"href":"https:\/\/dmd.eu\/es\/wp-json\/wp\/v2\/types\/product"}],"replies":[{"embeddable":true,"href":"https:\/\/dmd.eu\/es\/wp-json\/wp\/v2\/comments?post=26362"}],"wp:featuredmedia":[{"embeddable":true,"href":"https:\/\/dmd.eu\/es\/wp-json\/wp\/v2\/media\/26399"}],"wp:attachment":[{"href":"https:\/\/dmd.eu\/es\/wp-json\/wp\/v2\/media?parent=26362"}],"wp:term":[{"taxonomy":"product_brand","embeddable":true,"href":"https:\/\/dmd.eu\/es\/wp-json\/wp\/v2\/product_brand?post=26362"},{"taxonomy":"product_cat","embeddable":true,"href":"https:\/\/dmd.eu\/es\/wp-json\/wp\/v2\/product_cat?post=26362"},{"taxonomy":"product_tag","embeddable":true,"href":"https:\/\/dmd.eu\/es\/wp-json\/wp\/v2\/product_tag?post=26362"},{"taxonomy":"giftcard-category","embeddable":true,"href":"https:\/\/dmd.eu\/es\/wp-json\/wp\/v2\/giftcard-category?post=26362"}],"curies":[{"name":"wp","href":"https:\/\/api.w.org\/{rel}","templated":true}]}}