{"id":26054,"date":"2024-05-30T12:16:09","date_gmt":"2024-05-30T10:16:09","guid":{"rendered":"https:\/\/www.dmd.eu\/?post_type=product&#038;p=26054"},"modified":"2025-12-10T16:13:25","modified_gmt":"2025-12-10T15:13:25","slug":"roma-copia","status":"publish","type":"product","link":"https:\/\/dmd.eu\/es\/prodotto\/cascos-oro\/roma-copia\/","title":{"rendered":"ROMA MATT"},"content":{"rendered":"<p>El<strong> casco jet Vintage Roma Matt<\/strong> de la Collezione Oro es de color crema mate con detalles e interior en color marr\u00f3n. Como todos los productos de la colecci\u00f3n oro, est\u00e1 fabricado con materiales de alta calidad que lo hacen ligero, suave y particularmente c\u00f3modo. Dedicado a todos los pilotos que aman un producto de calidad, capaz de satisfacer todas las normas de seguridad modernas.<br \/>\nPru\u00e9balo en tu motocicleta Custom, Vintage, Caf\u00e8 racer, Harley Davidson, Triumph, BMW, Honda, Guzzi, e Indian.<\/p>\n","protected":false},"excerpt":{"rendered":"<p>El casco jet Vintage Roma Matt de la Collezione Oro es de color crema mate con detalles e interior en color marr\u00f3n. Como todos los productos de la colecci\u00f3n oro, est\u00e1 fabricado con materiales de alta calidad que lo hacen ligero, suave y particularmente c\u00f3modo. Dedicado a todos los pilotos que aman un producto de [&hellip;]<\/p>\n","protected":false},"featured_media":26135,"comment_status":"closed","ping_status":"closed","template":"","meta":{"_acf_changed":false},"product_brand":[],"product_cat":[58],"product_tag":[],"giftcard-category":[],"class_list":{"0":"post-26054","1":"product","2":"type-product","3":"status-publish","4":"has-post-thumbnail","6":"product_cat-cascos-oro","8":"first","9":"instock","10":"sale","11":"taxable","12":"shipping-taxable","13":"purchasable","14":"product-type-variable"},"acf":[],"jetpack_sharing_enabled":true,"_links":{"self":[{"href":"https:\/\/dmd.eu\/es\/wp-json\/wp\/v2\/product\/26054","targetHints":{"allow":["GET"]}}],"collection":[{"href":"https:\/\/dmd.eu\/es\/wp-json\/wp\/v2\/product"}],"about":[{"href":"https:\/\/dmd.eu\/es\/wp-json\/wp\/v2\/types\/product"}],"replies":[{"embeddable":true,"href":"https:\/\/dmd.eu\/es\/wp-json\/wp\/v2\/comments?post=26054"}],"wp:featuredmedia":[{"embeddable":true,"href":"https:\/\/dmd.eu\/es\/wp-json\/wp\/v2\/media\/26135"}],"wp:attachment":[{"href":"https:\/\/dmd.eu\/es\/wp-json\/wp\/v2\/media?parent=26054"}],"wp:term":[{"taxonomy":"product_brand","embeddable":true,"href":"https:\/\/dmd.eu\/es\/wp-json\/wp\/v2\/product_brand?post=26054"},{"taxonomy":"product_cat","embeddable":true,"href":"https:\/\/dmd.eu\/es\/wp-json\/wp\/v2\/product_cat?post=26054"},{"taxonomy":"product_tag","embeddable":true,"href":"https:\/\/dmd.eu\/es\/wp-json\/wp\/v2\/product_tag?post=26054"},{"taxonomy":"giftcard-category","embeddable":true,"href":"https:\/\/dmd.eu\/es\/wp-json\/wp\/v2\/giftcard-category?post=26054"}],"curies":[{"name":"wp","href":"https:\/\/api.w.org\/{rel}","templated":true}]}}