{"id":25693,"date":"2024-05-22T15:31:00","date_gmt":"2024-05-22T13:31:00","guid":{"rendered":"https:\/\/www.dmd.eu\/?post_type=product&#038;p=25693"},"modified":"2025-12-02T00:13:41","modified_gmt":"2025-12-01T23:13:41","slug":"rivale-pinlock","status":"publish","type":"product","link":"https:\/\/dmd.eu\/es\/prodotto\/cascos-integrales\/accessorios-integrales\/rivale-pinlock\/","title":{"rendered":"RIVALE PINLOCK"},"content":{"rendered":"<p>El <strong>accesorio Pinlock<\/strong> est\u00e1 pensado para los cascos integrales de moto DMD, m\u00e1s precisamente para la l\u00ednea Rival. Es un accesorio que se instala en la pared interior de la visera del casco. En su interior crea una c\u00e1mara de aire, lo que evita que el casco se empa\u00f1e.<\/p>\n","protected":false},"excerpt":{"rendered":"<p>El accesorio Pinlock est\u00e1 pensado para los cascos integrales de moto DMD, m\u00e1s precisamente para la l\u00ednea Rival. Es un accesorio que se instala en la pared interior de la visera del casco. En su interior crea una c\u00e1mara de aire, lo que evita que el casco se empa\u00f1e.<\/p>\n","protected":false},"featured_media":55706,"comment_status":"closed","ping_status":"closed","template":"","meta":{"_acf_changed":false},"product_brand":[],"product_cat":[364,461],"product_tag":[],"giftcard-category":[],"class_list":{"0":"post-25693","1":"product","2":"type-product","3":"status-publish","4":"has-post-thumbnail","6":"product_cat-accessorios-integrales","7":"product_cat-cascos-integrales","9":"first","10":"instock","11":"taxable","12":"shipping-taxable","13":"purchasable","14":"product-type-variable"},"acf":[],"jetpack_sharing_enabled":true,"_links":{"self":[{"href":"https:\/\/dmd.eu\/es\/wp-json\/wp\/v2\/product\/25693","targetHints":{"allow":["GET"]}}],"collection":[{"href":"https:\/\/dmd.eu\/es\/wp-json\/wp\/v2\/product"}],"about":[{"href":"https:\/\/dmd.eu\/es\/wp-json\/wp\/v2\/types\/product"}],"replies":[{"embeddable":true,"href":"https:\/\/dmd.eu\/es\/wp-json\/wp\/v2\/comments?post=25693"}],"wp:featuredmedia":[{"embeddable":true,"href":"https:\/\/dmd.eu\/es\/wp-json\/wp\/v2\/media\/55706"}],"wp:attachment":[{"href":"https:\/\/dmd.eu\/es\/wp-json\/wp\/v2\/media?parent=25693"}],"wp:term":[{"taxonomy":"product_brand","embeddable":true,"href":"https:\/\/dmd.eu\/es\/wp-json\/wp\/v2\/product_brand?post=25693"},{"taxonomy":"product_cat","embeddable":true,"href":"https:\/\/dmd.eu\/es\/wp-json\/wp\/v2\/product_cat?post=25693"},{"taxonomy":"product_tag","embeddable":true,"href":"https:\/\/dmd.eu\/es\/wp-json\/wp\/v2\/product_tag?post=25693"},{"taxonomy":"giftcard-category","embeddable":true,"href":"https:\/\/dmd.eu\/es\/wp-json\/wp\/v2\/giftcard-category?post=25693"}],"curies":[{"name":"wp","href":"https:\/\/api.w.org\/{rel}","templated":true}]}}