{"id":24359,"date":"2024-05-15T09:43:38","date_gmt":"2024-05-15T07:43:38","guid":{"rendered":"https:\/\/www.dmd.eu\/?post_type=product&#038;p=24359"},"modified":"2025-12-02T00:13:42","modified_gmt":"2025-12-01T23:13:42","slug":"rivale-gp-06","status":"publish","type":"product","link":"https:\/\/dmd.eu\/es\/prodotto\/cascos-integrales\/cascos-rivale-06\/rivale-gp-06\/","title":{"rendered":"RIVALE GP"},"content":{"rendered":"<p>El <strong>casco integral Rivale GP<\/strong> tiene un design esencial que esconde un concentrado de innovaci\u00f3n y tecnolog\u00eda.<br \/>\nGracias a una nueva fibra tricompuesta, hemos logrado crear un producto supercompacto que, sin embargo, cumple todas las normas de seguridad modernas y ofrece un ajuste c\u00f3modo. Un casco integral de sabor cl\u00e1sico que rinde homenaje a los a\u00f1os locos del automovilismo.<br \/>\nRugiente en esta variante roja con detalles en blanco y negro.<br \/>\nFabricado en Italia, con pasi\u00f3n.<\/p>\n","protected":false},"excerpt":{"rendered":"<p>El casco integral Rivale GP tiene un design esencial que esconde un concentrado de innovaci\u00f3n y tecnolog\u00eda. Gracias a una nueva fibra tricompuesta, hemos logrado crear un producto supercompacto que, sin embargo, cumple todas las normas de seguridad modernas y ofrece un ajuste c\u00f3modo. Un casco integral de sabor cl\u00e1sico que rinde homenaje a los [&hellip;]<\/p>\n","protected":false},"featured_media":52041,"comment_status":"closed","ping_status":"closed","template":"","meta":{"_acf_changed":false},"product_brand":[],"product_cat":[461,1290],"product_tag":[],"giftcard-category":[],"class_list":{"0":"post-24359","1":"product","2":"type-product","3":"status-publish","4":"has-post-thumbnail","6":"product_cat-cascos-integrales","7":"product_cat-cascos-rivale-06","9":"first","10":"instock","11":"taxable","12":"shipping-taxable","13":"purchasable","14":"product-type-variable"},"acf":[],"jetpack_sharing_enabled":true,"_links":{"self":[{"href":"https:\/\/dmd.eu\/es\/wp-json\/wp\/v2\/product\/24359","targetHints":{"allow":["GET"]}}],"collection":[{"href":"https:\/\/dmd.eu\/es\/wp-json\/wp\/v2\/product"}],"about":[{"href":"https:\/\/dmd.eu\/es\/wp-json\/wp\/v2\/types\/product"}],"replies":[{"embeddable":true,"href":"https:\/\/dmd.eu\/es\/wp-json\/wp\/v2\/comments?post=24359"}],"wp:featuredmedia":[{"embeddable":true,"href":"https:\/\/dmd.eu\/es\/wp-json\/wp\/v2\/media\/52041"}],"wp:attachment":[{"href":"https:\/\/dmd.eu\/es\/wp-json\/wp\/v2\/media?parent=24359"}],"wp:term":[{"taxonomy":"product_brand","embeddable":true,"href":"https:\/\/dmd.eu\/es\/wp-json\/wp\/v2\/product_brand?post=24359"},{"taxonomy":"product_cat","embeddable":true,"href":"https:\/\/dmd.eu\/es\/wp-json\/wp\/v2\/product_cat?post=24359"},{"taxonomy":"product_tag","embeddable":true,"href":"https:\/\/dmd.eu\/es\/wp-json\/wp\/v2\/product_tag?post=24359"},{"taxonomy":"giftcard-category","embeddable":true,"href":"https:\/\/dmd.eu\/es\/wp-json\/wp\/v2\/giftcard-category?post=24359"}],"curies":[{"name":"wp","href":"https:\/\/api.w.org\/{rel}","templated":true}]}}