{"id":23180,"date":"2024-05-08T10:28:04","date_gmt":"2024-05-08T08:28:04","guid":{"rendered":"https:\/\/www.dmd.eu\/?post_type=product&#038;p=23180"},"modified":"2025-12-02T00:13:46","modified_gmt":"2025-12-01T23:13:46","slug":"squadra-corse-retro","status":"publish","type":"product","link":"https:\/\/dmd.eu\/es\/prodotto\/cascos-jet\/cascos-retro\/squadra-corse-retro\/","title":{"rendered":"SQUADRA CORSE"},"content":{"rendered":"<p>El <strong>casco jet Retro Squadra Corse<\/strong> est\u00e1 inspirado en los cascos de competici\u00f3n de los a\u00f1os 70.<br \/>\nDMD decidi\u00f3 inspirarse en esta \u00e9poca dorada creando un casco con aspecto retro y efecto desgastado, pero que en realidad se fabrica teniendo en cuenta todas las normas de seguridad modernas.<\/p>\n","protected":false},"excerpt":{"rendered":"<p>El casco jet Retro Squadra Corse est\u00e1 inspirado en los cascos de competici\u00f3n de los a\u00f1os 70. DMD decidi\u00f3 inspirarse en esta \u00e9poca dorada creando un casco con aspecto retro y efecto desgastado, pero que en realidad se fabrica teniendo en cuenta todas las normas de seguridad modernas.<\/p>\n","protected":false},"featured_media":42224,"comment_status":"closed","ping_status":"closed","template":"","meta":{"_acf_changed":false},"product_brand":[],"product_cat":[458,459],"product_tag":[],"giftcard-category":[],"class_list":{"0":"post-23180","1":"product","2":"type-product","3":"status-publish","4":"has-post-thumbnail","6":"product_cat-cascos-jet","7":"product_cat-cascos-retro","9":"first","10":"instock","11":"taxable","12":"shipping-taxable","13":"purchasable","14":"product-type-variable"},"acf":[],"jetpack_sharing_enabled":true,"_links":{"self":[{"href":"https:\/\/dmd.eu\/es\/wp-json\/wp\/v2\/product\/23180","targetHints":{"allow":["GET"]}}],"collection":[{"href":"https:\/\/dmd.eu\/es\/wp-json\/wp\/v2\/product"}],"about":[{"href":"https:\/\/dmd.eu\/es\/wp-json\/wp\/v2\/types\/product"}],"replies":[{"embeddable":true,"href":"https:\/\/dmd.eu\/es\/wp-json\/wp\/v2\/comments?post=23180"}],"wp:featuredmedia":[{"embeddable":true,"href":"https:\/\/dmd.eu\/es\/wp-json\/wp\/v2\/media\/42224"}],"wp:attachment":[{"href":"https:\/\/dmd.eu\/es\/wp-json\/wp\/v2\/media?parent=23180"}],"wp:term":[{"taxonomy":"product_brand","embeddable":true,"href":"https:\/\/dmd.eu\/es\/wp-json\/wp\/v2\/product_brand?post=23180"},{"taxonomy":"product_cat","embeddable":true,"href":"https:\/\/dmd.eu\/es\/wp-json\/wp\/v2\/product_cat?post=23180"},{"taxonomy":"product_tag","embeddable":true,"href":"https:\/\/dmd.eu\/es\/wp-json\/wp\/v2\/product_tag?post=23180"},{"taxonomy":"giftcard-category","embeddable":true,"href":"https:\/\/dmd.eu\/es\/wp-json\/wp\/v2\/giftcard-category?post=23180"}],"curies":[{"name":"wp","href":"https:\/\/api.w.org\/{rel}","templated":true}]}}