{"id":23077,"date":"2024-05-06T16:43:43","date_gmt":"2024-05-06T14:43:43","guid":{"rendered":"https:\/\/www.dmd.eu\/?post_type=product&#038;p=23077"},"modified":"2025-12-02T00:13:47","modified_gmt":"2025-12-01T23:13:47","slug":"oldie-retro","status":"publish","type":"product","link":"https:\/\/dmd.eu\/es\/prodotto\/cascos-jet\/cascos-retro\/oldie-retro\/","title":{"rendered":"OLDIE"},"content":{"rendered":"<p>El <strong>casco jet Retro Oldie<\/strong>\u00a0expresa uno de nuestros lemas caracter\u00edsticos. Los gr\u00e1ficos creados en exclusiva para DMD confieren al casco un estilo especial que expresa plenamente el estado de \u00e1nimo y el estilo de vida de un aut\u00e9ntico motorista.<\/p>\n","protected":false},"excerpt":{"rendered":"<p>El casco jet Retro Oldie\u00a0expresa uno de nuestros lemas caracter\u00edsticos. Los gr\u00e1ficos creados en exclusiva para DMD confieren al casco un estilo especial que expresa plenamente el estado de \u00e1nimo y el estilo de vida de un aut\u00e9ntico motorista.<\/p>\n","protected":false},"featured_media":45815,"comment_status":"closed","ping_status":"closed","template":"","meta":{"_acf_changed":false},"product_brand":[],"product_cat":[458,459],"product_tag":[],"giftcard-category":[],"class_list":{"0":"post-23077","1":"product","2":"type-product","3":"status-publish","4":"has-post-thumbnail","6":"product_cat-cascos-jet","7":"product_cat-cascos-retro","9":"first","10":"instock","11":"taxable","12":"shipping-taxable","13":"purchasable","14":"product-type-variable"},"acf":[],"jetpack_sharing_enabled":true,"_links":{"self":[{"href":"https:\/\/dmd.eu\/es\/wp-json\/wp\/v2\/product\/23077","targetHints":{"allow":["GET"]}}],"collection":[{"href":"https:\/\/dmd.eu\/es\/wp-json\/wp\/v2\/product"}],"about":[{"href":"https:\/\/dmd.eu\/es\/wp-json\/wp\/v2\/types\/product"}],"replies":[{"embeddable":true,"href":"https:\/\/dmd.eu\/es\/wp-json\/wp\/v2\/comments?post=23077"}],"wp:featuredmedia":[{"embeddable":true,"href":"https:\/\/dmd.eu\/es\/wp-json\/wp\/v2\/media\/45815"}],"wp:attachment":[{"href":"https:\/\/dmd.eu\/es\/wp-json\/wp\/v2\/media?parent=23077"}],"wp:term":[{"taxonomy":"product_brand","embeddable":true,"href":"https:\/\/dmd.eu\/es\/wp-json\/wp\/v2\/product_brand?post=23077"},{"taxonomy":"product_cat","embeddable":true,"href":"https:\/\/dmd.eu\/es\/wp-json\/wp\/v2\/product_cat?post=23077"},{"taxonomy":"product_tag","embeddable":true,"href":"https:\/\/dmd.eu\/es\/wp-json\/wp\/v2\/product_tag?post=23077"},{"taxonomy":"giftcard-category","embeddable":true,"href":"https:\/\/dmd.eu\/es\/wp-json\/wp\/v2\/giftcard-category?post=23077"}],"curies":[{"name":"wp","href":"https:\/\/api.w.org\/{rel}","templated":true}]}}