{"id":22860,"date":"2024-05-02T17:31:36","date_gmt":"2024-05-02T15:31:36","guid":{"rendered":"https:\/\/www.dmd.eu\/?post_type=product&#038;p=22860"},"modified":"2025-12-02T00:13:47","modified_gmt":"2025-12-01T23:13:47","slug":"petrolhead-retro","status":"publish","type":"product","link":"https:\/\/dmd.eu\/es\/prodotto\/cascos-jet\/cascos-retro\/petrolhead-retro\/","title":{"rendered":"PETROLHEAD"},"content":{"rendered":"<p>El <strong>casco jet Retro Petrolhead<\/strong> forma parte de la colecci\u00f3n de cascos DMD jet Retro. Los gr\u00e1ficos de este casco jet tienen una base verde petr\u00f3leo, adornada con cuatro pinceladas laterales en contraste que recuerdan a un par de alas. La elecci\u00f3n de colores da al casco jet Retro Petrolhead un aspecto llamativo y distintivo, perfecto para los verdaderos entusiastas del estilo <em>vintage<\/em>.<\/p>\n","protected":false},"excerpt":{"rendered":"<p>El casco jet Retro Petrolhead forma parte de la colecci\u00f3n de cascos DMD jet Retro. Los gr\u00e1ficos de este casco jet tienen una base verde petr\u00f3leo, adornada con cuatro pinceladas laterales en contraste que recuerdan a un par de alas. La elecci\u00f3n de colores da al casco jet Retro Petrolhead un aspecto llamativo y distintivo, [&hellip;]<\/p>\n","protected":false},"featured_media":45835,"comment_status":"closed","ping_status":"closed","template":"","meta":{"_acf_changed":false},"product_brand":[],"product_cat":[458,459],"product_tag":[],"giftcard-category":[],"class_list":{"0":"post-22860","1":"product","2":"type-product","3":"status-publish","4":"has-post-thumbnail","6":"product_cat-cascos-jet","7":"product_cat-cascos-retro","9":"first","10":"instock","11":"taxable","12":"shipping-taxable","13":"purchasable","14":"product-type-variable"},"acf":[],"jetpack_sharing_enabled":true,"_links":{"self":[{"href":"https:\/\/dmd.eu\/es\/wp-json\/wp\/v2\/product\/22860","targetHints":{"allow":["GET"]}}],"collection":[{"href":"https:\/\/dmd.eu\/es\/wp-json\/wp\/v2\/product"}],"about":[{"href":"https:\/\/dmd.eu\/es\/wp-json\/wp\/v2\/types\/product"}],"replies":[{"embeddable":true,"href":"https:\/\/dmd.eu\/es\/wp-json\/wp\/v2\/comments?post=22860"}],"wp:featuredmedia":[{"embeddable":true,"href":"https:\/\/dmd.eu\/es\/wp-json\/wp\/v2\/media\/45835"}],"wp:attachment":[{"href":"https:\/\/dmd.eu\/es\/wp-json\/wp\/v2\/media?parent=22860"}],"wp:term":[{"taxonomy":"product_brand","embeddable":true,"href":"https:\/\/dmd.eu\/es\/wp-json\/wp\/v2\/product_brand?post=22860"},{"taxonomy":"product_cat","embeddable":true,"href":"https:\/\/dmd.eu\/es\/wp-json\/wp\/v2\/product_cat?post=22860"},{"taxonomy":"product_tag","embeddable":true,"href":"https:\/\/dmd.eu\/es\/wp-json\/wp\/v2\/product_tag?post=22860"},{"taxonomy":"giftcard-category","embeddable":true,"href":"https:\/\/dmd.eu\/es\/wp-json\/wp\/v2\/giftcard-category?post=22860"}],"curies":[{"name":"wp","href":"https:\/\/api.w.org\/{rel}","templated":true}]}}