{"id":22675,"date":"2024-05-02T16:56:43","date_gmt":"2024-05-02T14:56:43","guid":{"rendered":"https:\/\/www.dmd.eu\/?post_type=product&#038;p=22675"},"modified":"2025-12-02T00:13:48","modified_gmt":"2025-12-01T23:13:48","slug":"cards-retro","status":"publish","type":"product","link":"https:\/\/dmd.eu\/es\/prodotto\/cascos-jet\/cascos-retro\/cards-retro\/","title":{"rendered":"CARDS"},"content":{"rendered":"<p>El <strong>casco jet Retro Cards <\/strong>tiene una base negra mate y est\u00e1 adornado con gr\u00e1ficos de fuerte car\u00e1cter. Es apto para todo tipo de motos, especialmente Harley Davidson, y est\u00e1 dedicado a los motoristas con alma de rock.<\/p>\n","protected":false},"excerpt":{"rendered":"<p>El casco jet Retro Cards tiene una base negra mate y est\u00e1 adornado con gr\u00e1ficos de fuerte car\u00e1cter. Es apto para todo tipo de motos, especialmente Harley Davidson, y est\u00e1 dedicado a los motoristas con alma de rock.<\/p>\n","protected":false},"featured_media":50959,"comment_status":"closed","ping_status":"closed","template":"","meta":{"_acf_changed":false},"product_brand":[],"product_cat":[458,459],"product_tag":[],"giftcard-category":[],"class_list":{"0":"post-22675","1":"product","2":"type-product","3":"status-publish","4":"has-post-thumbnail","6":"product_cat-cascos-jet","7":"product_cat-cascos-retro","9":"first","10":"instock","11":"taxable","12":"shipping-taxable","13":"purchasable","14":"product-type-variable"},"acf":[],"jetpack_sharing_enabled":true,"_links":{"self":[{"href":"https:\/\/dmd.eu\/es\/wp-json\/wp\/v2\/product\/22675","targetHints":{"allow":["GET"]}}],"collection":[{"href":"https:\/\/dmd.eu\/es\/wp-json\/wp\/v2\/product"}],"about":[{"href":"https:\/\/dmd.eu\/es\/wp-json\/wp\/v2\/types\/product"}],"replies":[{"embeddable":true,"href":"https:\/\/dmd.eu\/es\/wp-json\/wp\/v2\/comments?post=22675"}],"wp:featuredmedia":[{"embeddable":true,"href":"https:\/\/dmd.eu\/es\/wp-json\/wp\/v2\/media\/50959"}],"wp:attachment":[{"href":"https:\/\/dmd.eu\/es\/wp-json\/wp\/v2\/media?parent=22675"}],"wp:term":[{"taxonomy":"product_brand","embeddable":true,"href":"https:\/\/dmd.eu\/es\/wp-json\/wp\/v2\/product_brand?post=22675"},{"taxonomy":"product_cat","embeddable":true,"href":"https:\/\/dmd.eu\/es\/wp-json\/wp\/v2\/product_cat?post=22675"},{"taxonomy":"product_tag","embeddable":true,"href":"https:\/\/dmd.eu\/es\/wp-json\/wp\/v2\/product_tag?post=22675"},{"taxonomy":"giftcard-category","embeddable":true,"href":"https:\/\/dmd.eu\/es\/wp-json\/wp\/v2\/giftcard-category?post=22675"}],"curies":[{"name":"wp","href":"https:\/\/api.w.org\/{rel}","templated":true}]}}