{"id":22620,"date":"2024-05-02T16:40:21","date_gmt":"2024-05-02T14:40:21","guid":{"rendered":"https:\/\/www.dmd.eu\/?post_type=product&#038;p=22620"},"modified":"2025-12-02T00:13:48","modified_gmt":"2025-12-01T23:13:48","slug":"woodstock-retro","status":"publish","type":"product","link":"https:\/\/dmd.eu\/es\/prodotto\/cascos-jet\/cascos-retro\/woodstock-retro\/","title":{"rendered":"WOODSTOCK"},"content":{"rendered":"<p>El <strong>casco jet Retro Woodstock<\/strong> fue el primer gr\u00e1fico fabricado exclusivamente para DMD, y sigue siendo uno de los m\u00e1s populares entre los clientes.<br \/>\nRe\u00fane todos los elementos de una \u00e9poca m\u00e1gica de grandes cambios, la de los a\u00f1os setenta.<\/p>\n","protected":false},"excerpt":{"rendered":"<p>El casco jet Retro Woodstock fue el primer gr\u00e1fico fabricado exclusivamente para DMD, y sigue siendo uno de los m\u00e1s populares entre los clientes. Re\u00fane todos los elementos de una \u00e9poca m\u00e1gica de grandes cambios, la de los a\u00f1os setenta.<\/p>\n","protected":false},"featured_media":48146,"comment_status":"closed","ping_status":"closed","template":"","meta":{"_acf_changed":false},"product_brand":[],"product_cat":[458,459],"product_tag":[],"giftcard-category":[],"class_list":{"0":"post-22620","1":"product","2":"type-product","3":"status-publish","4":"has-post-thumbnail","6":"product_cat-cascos-jet","7":"product_cat-cascos-retro","9":"first","10":"instock","11":"taxable","12":"shipping-taxable","13":"purchasable","14":"product-type-variable"},"acf":[],"jetpack_sharing_enabled":true,"_links":{"self":[{"href":"https:\/\/dmd.eu\/es\/wp-json\/wp\/v2\/product\/22620","targetHints":{"allow":["GET"]}}],"collection":[{"href":"https:\/\/dmd.eu\/es\/wp-json\/wp\/v2\/product"}],"about":[{"href":"https:\/\/dmd.eu\/es\/wp-json\/wp\/v2\/types\/product"}],"replies":[{"embeddable":true,"href":"https:\/\/dmd.eu\/es\/wp-json\/wp\/v2\/comments?post=22620"}],"wp:featuredmedia":[{"embeddable":true,"href":"https:\/\/dmd.eu\/es\/wp-json\/wp\/v2\/media\/48146"}],"wp:attachment":[{"href":"https:\/\/dmd.eu\/es\/wp-json\/wp\/v2\/media?parent=22620"}],"wp:term":[{"taxonomy":"product_brand","embeddable":true,"href":"https:\/\/dmd.eu\/es\/wp-json\/wp\/v2\/product_brand?post=22620"},{"taxonomy":"product_cat","embeddable":true,"href":"https:\/\/dmd.eu\/es\/wp-json\/wp\/v2\/product_cat?post=22620"},{"taxonomy":"product_tag","embeddable":true,"href":"https:\/\/dmd.eu\/es\/wp-json\/wp\/v2\/product_tag?post=22620"},{"taxonomy":"giftcard-category","embeddable":true,"href":"https:\/\/dmd.eu\/es\/wp-json\/wp\/v2\/giftcard-category?post=22620"}],"curies":[{"name":"wp","href":"https:\/\/api.w.org\/{rel}","templated":true}]}}