{"id":22565,"date":"2024-05-02T16:25:31","date_gmt":"2024-05-02T14:25:31","guid":{"rendered":"https:\/\/www.dmd.eu\/?post_type=product&#038;p=22565"},"modified":"2025-12-02T00:13:49","modified_gmt":"2025-12-01T23:13:49","slug":"circus-retro","status":"publish","type":"product","link":"https:\/\/dmd.eu\/es\/prodotto\/cascos-jet\/cascos-retro\/circus-retro\/","title":{"rendered":"CIRCUS"},"content":{"rendered":"<p>El <strong>casco jet Retro Circus<\/strong> tiene una base blanca mate enriquecida con gr\u00e1ficos que representan una serie de personajes del mundo del circo que dan al casco un aspecto muy colorido.<br \/>\nEl casco gustar\u00e1 al motociclista amante de lo vintage, pero tambi\u00e9n al motorista que busca un casco c\u00f3modo, peque\u00f1o, seguro y original.<\/p>\n","protected":false},"excerpt":{"rendered":"<p>El casco jet Retro Circus tiene una base blanca mate enriquecida con gr\u00e1ficos que representan una serie de personajes del mundo del circo que dan al casco un aspecto muy colorido. El casco gustar\u00e1 al motociclista amante de lo vintage, pero tambi\u00e9n al motorista que busca un casco c\u00f3modo, peque\u00f1o, seguro y original.<\/p>\n","protected":false},"featured_media":48171,"comment_status":"closed","ping_status":"closed","template":"","meta":{"_acf_changed":false},"product_brand":[],"product_cat":[458,459],"product_tag":[],"giftcard-category":[],"class_list":{"0":"post-22565","1":"product","2":"type-product","3":"status-publish","4":"has-post-thumbnail","6":"product_cat-cascos-jet","7":"product_cat-cascos-retro","9":"first","10":"instock","11":"taxable","12":"shipping-taxable","13":"purchasable","14":"product-type-variable"},"acf":[],"jetpack_sharing_enabled":true,"_links":{"self":[{"href":"https:\/\/dmd.eu\/es\/wp-json\/wp\/v2\/product\/22565","targetHints":{"allow":["GET"]}}],"collection":[{"href":"https:\/\/dmd.eu\/es\/wp-json\/wp\/v2\/product"}],"about":[{"href":"https:\/\/dmd.eu\/es\/wp-json\/wp\/v2\/types\/product"}],"replies":[{"embeddable":true,"href":"https:\/\/dmd.eu\/es\/wp-json\/wp\/v2\/comments?post=22565"}],"wp:featuredmedia":[{"embeddable":true,"href":"https:\/\/dmd.eu\/es\/wp-json\/wp\/v2\/media\/48171"}],"wp:attachment":[{"href":"https:\/\/dmd.eu\/es\/wp-json\/wp\/v2\/media?parent=22565"}],"wp:term":[{"taxonomy":"product_brand","embeddable":true,"href":"https:\/\/dmd.eu\/es\/wp-json\/wp\/v2\/product_brand?post=22565"},{"taxonomy":"product_cat","embeddable":true,"href":"https:\/\/dmd.eu\/es\/wp-json\/wp\/v2\/product_cat?post=22565"},{"taxonomy":"product_tag","embeddable":true,"href":"https:\/\/dmd.eu\/es\/wp-json\/wp\/v2\/product_tag?post=22565"},{"taxonomy":"giftcard-category","embeddable":true,"href":"https:\/\/dmd.eu\/es\/wp-json\/wp\/v2\/giftcard-category?post=22565"}],"curies":[{"name":"wp","href":"https:\/\/api.w.org\/{rel}","templated":true}]}}