{"id":22205,"date":"2024-04-30T16:53:15","date_gmt":"2024-04-30T14:53:15","guid":{"rendered":"https:\/\/www.dmd.eu\/?post_type=product&#038;p=22205"},"modified":"2025-12-02T00:13:50","modified_gmt":"2025-12-01T23:13:50","slug":"ita-black-retro","status":"publish","type":"product","link":"https:\/\/dmd.eu\/es\/prodotto\/cascos-jet\/cascos-retro\/ita-black-retro\/","title":{"rendered":"ITA BLACK"},"content":{"rendered":"<p>El <strong>casco jet Retro Ita Black<\/strong> es muy sencillo y elegante gracias a su color negro mate, un color imprescindible en los \u00faltimos a\u00f1os.<br \/>\nCompacto, seguro y c\u00f3modo, se adapta a cualquier tipo de moto, ya sea Custom, Caf\u00e9 Racer o Vintage.<\/p>\n","protected":false},"excerpt":{"rendered":"<p>El casco jet Retro Ita Black es muy sencillo y elegante gracias a su color negro mate, un color imprescindible en los \u00faltimos a\u00f1os. Compacto, seguro y c\u00f3modo, se adapta a cualquier tipo de moto, ya sea Custom, Caf\u00e9 Racer o Vintage.<\/p>\n","protected":false},"featured_media":37251,"comment_status":"closed","ping_status":"closed","template":"","meta":{"_acf_changed":false},"product_brand":[],"product_cat":[458,459],"product_tag":[],"giftcard-category":[],"class_list":{"0":"post-22205","1":"product","2":"type-product","3":"status-publish","4":"has-post-thumbnail","6":"product_cat-cascos-jet","7":"product_cat-cascos-retro","9":"first","10":"instock","11":"taxable","12":"shipping-taxable","13":"purchasable","14":"product-type-variable"},"acf":[],"jetpack_sharing_enabled":true,"_links":{"self":[{"href":"https:\/\/dmd.eu\/es\/wp-json\/wp\/v2\/product\/22205","targetHints":{"allow":["GET"]}}],"collection":[{"href":"https:\/\/dmd.eu\/es\/wp-json\/wp\/v2\/product"}],"about":[{"href":"https:\/\/dmd.eu\/es\/wp-json\/wp\/v2\/types\/product"}],"replies":[{"embeddable":true,"href":"https:\/\/dmd.eu\/es\/wp-json\/wp\/v2\/comments?post=22205"}],"wp:featuredmedia":[{"embeddable":true,"href":"https:\/\/dmd.eu\/es\/wp-json\/wp\/v2\/media\/37251"}],"wp:attachment":[{"href":"https:\/\/dmd.eu\/es\/wp-json\/wp\/v2\/media?parent=22205"}],"wp:term":[{"taxonomy":"product_brand","embeddable":true,"href":"https:\/\/dmd.eu\/es\/wp-json\/wp\/v2\/product_brand?post=22205"},{"taxonomy":"product_cat","embeddable":true,"href":"https:\/\/dmd.eu\/es\/wp-json\/wp\/v2\/product_cat?post=22205"},{"taxonomy":"product_tag","embeddable":true,"href":"https:\/\/dmd.eu\/es\/wp-json\/wp\/v2\/product_tag?post=22205"},{"taxonomy":"giftcard-category","embeddable":true,"href":"https:\/\/dmd.eu\/es\/wp-json\/wp\/v2\/giftcard-category?post=22205"}],"curies":[{"name":"wp","href":"https:\/\/api.w.org\/{rel}","templated":true}]}}