{"id":22141,"date":"2024-04-30T16:41:13","date_gmt":"2024-04-30T14:41:13","guid":{"rendered":"https:\/\/www.dmd.eu\/?post_type=product&#038;p=22141"},"modified":"2026-01-21T12:39:18","modified_gmt":"2026-01-21T11:39:18","slug":"i-hate-everyone-retro","status":"publish","type":"product","link":"https:\/\/dmd.eu\/es\/prodotto\/cascos-jet\/cascos-retro\/i-hate-everyone-retro\/","title":{"rendered":"I HATE EVERYONE"},"content":{"rendered":"<p>El <strong>casco jet Retro I Hate Everyone<\/strong> es muy sencillo y elegante gracias a su color negro mate, un color imprescindible en los \u00faltimos a\u00f1os.<br \/>\nCompacto, seguro y c\u00f3modo, se adapta a cualquier tipo de moto, ya sea Custom, Caf\u00e9 Racer o Vintage.<\/p>\n","protected":false},"excerpt":{"rendered":"<p>El casco jet Retro I Hate Everyone es muy sencillo y elegante gracias a su color negro mate, un color imprescindible en los \u00faltimos a\u00f1os. Compacto, seguro y c\u00f3modo, se adapta a cualquier tipo de moto, ya sea Custom, Caf\u00e9 Racer o Vintage.<\/p>\n","protected":false},"featured_media":40272,"comment_status":"closed","ping_status":"closed","template":"","meta":{"_acf_changed":false},"product_brand":[],"product_cat":[458,459],"product_tag":[],"giftcard-category":[],"class_list":{"0":"post-22141","1":"product","2":"type-product","3":"status-publish","4":"has-post-thumbnail","6":"product_cat-cascos-jet","7":"product_cat-cascos-retro","9":"first","10":"instock","11":"taxable","12":"shipping-taxable","13":"purchasable","14":"product-type-variable"},"acf":[],"jetpack_sharing_enabled":true,"_links":{"self":[{"href":"https:\/\/dmd.eu\/es\/wp-json\/wp\/v2\/product\/22141","targetHints":{"allow":["GET"]}}],"collection":[{"href":"https:\/\/dmd.eu\/es\/wp-json\/wp\/v2\/product"}],"about":[{"href":"https:\/\/dmd.eu\/es\/wp-json\/wp\/v2\/types\/product"}],"replies":[{"embeddable":true,"href":"https:\/\/dmd.eu\/es\/wp-json\/wp\/v2\/comments?post=22141"}],"wp:featuredmedia":[{"embeddable":true,"href":"https:\/\/dmd.eu\/es\/wp-json\/wp\/v2\/media\/40272"}],"wp:attachment":[{"href":"https:\/\/dmd.eu\/es\/wp-json\/wp\/v2\/media?parent=22141"}],"wp:term":[{"taxonomy":"product_brand","embeddable":true,"href":"https:\/\/dmd.eu\/es\/wp-json\/wp\/v2\/product_brand?post=22141"},{"taxonomy":"product_cat","embeddable":true,"href":"https:\/\/dmd.eu\/es\/wp-json\/wp\/v2\/product_cat?post=22141"},{"taxonomy":"product_tag","embeddable":true,"href":"https:\/\/dmd.eu\/es\/wp-json\/wp\/v2\/product_tag?post=22141"},{"taxonomy":"giftcard-category","embeddable":true,"href":"https:\/\/dmd.eu\/es\/wp-json\/wp\/v2\/giftcard-category?post=22141"}],"curies":[{"name":"wp","href":"https:\/\/api.w.org\/{rel}","templated":true}]}}