{"id":22082,"date":"2024-04-30T16:39:22","date_gmt":"2024-04-30T14:39:22","guid":{"rendered":"https:\/\/www.dmd.eu\/?post_type=product&#038;p=22082"},"modified":"2026-03-26T22:39:36","modified_gmt":"2026-03-26T21:39:36","slug":"olive-gold-retro","status":"publish","type":"product","link":"https:\/\/dmd.eu\/es\/prodotto\/cascos-jet\/cascos-retro\/olive-gold-retro\/","title":{"rendered":"OLIVE GOLD"},"content":{"rendered":"<p>El <strong>casco jet Retro Olive Gold<\/strong>\u00a0forma parte de la colecci\u00f3n de cascos DMD jet Retro. La calota es monocolor, realizada en color dorado: esta elecci\u00f3n confiere al casco un aspecto elegante. Peque\u00f1o y compacto, el casco jet Retro Olive realzar\u00e1 tu look sobre tu moto, tengas la moto que tengas: Custom, Vintage, Caf\u00e9 Racer o scooter.<\/p>\n","protected":false},"excerpt":{"rendered":"<p>El casco jet Retro Olive Gold\u00a0forma parte de la colecci\u00f3n de cascos DMD jet Retro. La calota es monocolor, realizada en color dorado: esta elecci\u00f3n confiere al casco un aspecto elegante. Peque\u00f1o y compacto, el casco jet Retro Olive realzar\u00e1 tu look sobre tu moto, tengas la moto que tengas: Custom, Vintage, Caf\u00e9 Racer o [&hellip;]<\/p>\n","protected":false},"featured_media":30696,"comment_status":"closed","ping_status":"closed","template":"","meta":{"_acf_changed":false},"product_brand":[],"product_cat":[458,459],"product_tag":[],"giftcard-category":[],"class_list":{"0":"post-22082","1":"product","2":"type-product","3":"status-publish","4":"has-post-thumbnail","6":"product_cat-cascos-jet","7":"product_cat-cascos-retro","9":"first","10":"instock","11":"taxable","12":"shipping-taxable","13":"purchasable","14":"product-type-variable"},"acf":[],"jetpack_sharing_enabled":true,"_links":{"self":[{"href":"https:\/\/dmd.eu\/es\/wp-json\/wp\/v2\/product\/22082","targetHints":{"allow":["GET"]}}],"collection":[{"href":"https:\/\/dmd.eu\/es\/wp-json\/wp\/v2\/product"}],"about":[{"href":"https:\/\/dmd.eu\/es\/wp-json\/wp\/v2\/types\/product"}],"replies":[{"embeddable":true,"href":"https:\/\/dmd.eu\/es\/wp-json\/wp\/v2\/comments?post=22082"}],"wp:featuredmedia":[{"embeddable":true,"href":"https:\/\/dmd.eu\/es\/wp-json\/wp\/v2\/media\/30696"}],"wp:attachment":[{"href":"https:\/\/dmd.eu\/es\/wp-json\/wp\/v2\/media?parent=22082"}],"wp:term":[{"taxonomy":"product_brand","embeddable":true,"href":"https:\/\/dmd.eu\/es\/wp-json\/wp\/v2\/product_brand?post=22082"},{"taxonomy":"product_cat","embeddable":true,"href":"https:\/\/dmd.eu\/es\/wp-json\/wp\/v2\/product_cat?post=22082"},{"taxonomy":"product_tag","embeddable":true,"href":"https:\/\/dmd.eu\/es\/wp-json\/wp\/v2\/product_tag?post=22082"},{"taxonomy":"giftcard-category","embeddable":true,"href":"https:\/\/dmd.eu\/es\/wp-json\/wp\/v2\/giftcard-category?post=22082"}],"curies":[{"name":"wp","href":"https:\/\/api.w.org\/{rel}","templated":true}]}}