{"id":21684,"date":"2024-04-30T16:05:57","date_gmt":"2024-04-30T14:05:57","guid":{"rendered":"https:\/\/www.dmd.eu\/?post_type=product&#038;p=21684"},"modified":"2025-12-02T00:13:53","modified_gmt":"2025-12-01T23:13:53","slug":"rainbow-violet-retro","status":"publish","type":"product","link":"https:\/\/dmd.eu\/es\/prodotto\/cascos-jet\/cascos-retro\/rainbow-violet-retro\/","title":{"rendered":"RAINBOW VIOLET"},"content":{"rendered":"<p>El<strong> casco jet Retro Rainbow Violet<\/strong> es simple pero impresionante gracias al acabamiento de purpurina que complementa una base p\u00farpura monocolor.<br \/>\nEl ajuste es c\u00f3modo y cumple todos los requisitos de seguridad modernos. Adecuado para los amantes de las l\u00edneas sobrias y un design esencial en su moto.<\/p>\n","protected":false},"excerpt":{"rendered":"<p>El casco jet Retro Rainbow Violet es simple pero impresionante gracias al acabamiento de purpurina que complementa una base p\u00farpura monocolor. El ajuste es c\u00f3modo y cumple todos los requisitos de seguridad modernos. Adecuado para los amantes de las l\u00edneas sobrias y un design esencial en su moto.<\/p>\n","protected":false},"featured_media":41154,"comment_status":"closed","ping_status":"closed","template":"","meta":{"_acf_changed":false},"product_brand":[],"product_cat":[458,459],"product_tag":[],"giftcard-category":[],"class_list":{"0":"post-21684","1":"product","2":"type-product","3":"status-publish","4":"has-post-thumbnail","6":"product_cat-cascos-jet","7":"product_cat-cascos-retro","9":"first","10":"instock","11":"taxable","12":"shipping-taxable","13":"purchasable","14":"product-type-variable"},"acf":[],"jetpack_sharing_enabled":true,"_links":{"self":[{"href":"https:\/\/dmd.eu\/es\/wp-json\/wp\/v2\/product\/21684","targetHints":{"allow":["GET"]}}],"collection":[{"href":"https:\/\/dmd.eu\/es\/wp-json\/wp\/v2\/product"}],"about":[{"href":"https:\/\/dmd.eu\/es\/wp-json\/wp\/v2\/types\/product"}],"replies":[{"embeddable":true,"href":"https:\/\/dmd.eu\/es\/wp-json\/wp\/v2\/comments?post=21684"}],"wp:featuredmedia":[{"embeddable":true,"href":"https:\/\/dmd.eu\/es\/wp-json\/wp\/v2\/media\/41154"}],"wp:attachment":[{"href":"https:\/\/dmd.eu\/es\/wp-json\/wp\/v2\/media?parent=21684"}],"wp:term":[{"taxonomy":"product_brand","embeddable":true,"href":"https:\/\/dmd.eu\/es\/wp-json\/wp\/v2\/product_brand?post=21684"},{"taxonomy":"product_cat","embeddable":true,"href":"https:\/\/dmd.eu\/es\/wp-json\/wp\/v2\/product_cat?post=21684"},{"taxonomy":"product_tag","embeddable":true,"href":"https:\/\/dmd.eu\/es\/wp-json\/wp\/v2\/product_tag?post=21684"},{"taxonomy":"giftcard-category","embeddable":true,"href":"https:\/\/dmd.eu\/es\/wp-json\/wp\/v2\/giftcard-category?post=21684"}],"curies":[{"name":"wp","href":"https:\/\/api.w.org\/{rel}","templated":true}]}}