{"id":21441,"date":"2024-04-30T15:25:07","date_gmt":"2024-04-30T13:25:07","guid":{"rendered":"https:\/\/www.dmd.eu\/?post_type=product&#038;p=21441"},"modified":"2025-12-02T00:13:55","modified_gmt":"2025-12-01T23:13:55","slug":"soul-retro","status":"publish","type":"product","link":"https:\/\/dmd.eu\/es\/prodotto\/cascos-jet\/cascos-retro\/soul-retro\/","title":{"rendered":"SOUL"},"content":{"rendered":"<p>El <strong>casco jet Retro Soul<\/strong> forma parte de la colecci\u00f3n de cascos DMD jet Retro. Fabricado sobre una base blanca mate, este modelo est\u00e1 adornado con un gr\u00e1fico de design exclusivo. D\u00e9jate conquistar por el car\u00e1cter distintivo, combinado con un toque de locura, del casco jet Retro Soul.<\/p>\n","protected":false},"excerpt":{"rendered":"<p>El casco jet Retro Soul forma parte de la colecci\u00f3n de cascos DMD jet Retro. Fabricado sobre una base blanca mate, este modelo est\u00e1 adornado con un gr\u00e1fico de design exclusivo. D\u00e9jate conquistar por el car\u00e1cter distintivo, combinado con un toque de locura, del casco jet Retro Soul.<\/p>\n","protected":false},"featured_media":50908,"comment_status":"closed","ping_status":"closed","template":"","meta":{"_acf_changed":false},"product_brand":[],"product_cat":[458,459],"product_tag":[],"giftcard-category":[],"class_list":{"0":"post-21441","1":"product","2":"type-product","3":"status-publish","4":"has-post-thumbnail","6":"product_cat-cascos-jet","7":"product_cat-cascos-retro","9":"first","10":"instock","11":"taxable","12":"shipping-taxable","13":"purchasable","14":"product-type-variable"},"acf":[],"jetpack_sharing_enabled":true,"_links":{"self":[{"href":"https:\/\/dmd.eu\/es\/wp-json\/wp\/v2\/product\/21441","targetHints":{"allow":["GET"]}}],"collection":[{"href":"https:\/\/dmd.eu\/es\/wp-json\/wp\/v2\/product"}],"about":[{"href":"https:\/\/dmd.eu\/es\/wp-json\/wp\/v2\/types\/product"}],"replies":[{"embeddable":true,"href":"https:\/\/dmd.eu\/es\/wp-json\/wp\/v2\/comments?post=21441"}],"wp:featuredmedia":[{"embeddable":true,"href":"https:\/\/dmd.eu\/es\/wp-json\/wp\/v2\/media\/50908"}],"wp:attachment":[{"href":"https:\/\/dmd.eu\/es\/wp-json\/wp\/v2\/media?parent=21441"}],"wp:term":[{"taxonomy":"product_brand","embeddable":true,"href":"https:\/\/dmd.eu\/es\/wp-json\/wp\/v2\/product_brand?post=21441"},{"taxonomy":"product_cat","embeddable":true,"href":"https:\/\/dmd.eu\/es\/wp-json\/wp\/v2\/product_cat?post=21441"},{"taxonomy":"product_tag","embeddable":true,"href":"https:\/\/dmd.eu\/es\/wp-json\/wp\/v2\/product_tag?post=21441"},{"taxonomy":"giftcard-category","embeddable":true,"href":"https:\/\/dmd.eu\/es\/wp-json\/wp\/v2\/giftcard-category?post=21441"}],"curies":[{"name":"wp","href":"https:\/\/api.w.org\/{rel}","templated":true}]}}