{"id":20495,"date":"2024-04-29T09:42:18","date_gmt":"2024-04-29T07:42:18","guid":{"rendered":"https:\/\/www.dmd.eu\/?post_type=product&#038;p=20495"},"modified":"2025-12-02T00:13:57","modified_gmt":"2025-12-01T23:13:57","slug":"star-white-retro","status":"publish","type":"product","link":"https:\/\/dmd.eu\/es\/prodotto\/cascos-jet\/cascos-retro\/star-white-retro\/","title":{"rendered":"STAR WHITE"},"content":{"rendered":"<p>El <strong>casco jet Retro Star White<\/strong> es el \u00fanico modelo de la familia &#8220;Star&#8221; con acabado brillante. La base blanca brillante est\u00e1 decorada con una estrella negra con efecto purpurina. La simplicidad gr\u00e1fica recuerda a los hist\u00f3ricos modelos <em>Stars and Stripes<\/em> de los a\u00f1os setenta.<br \/>\nEl casco tiene l\u00edneas sencillas y gustar\u00e1 al motorista amante de lo <em>vintage<\/em>, pero tambi\u00e9n al motorista que busca un casco c\u00f3modo, peque\u00f1o, seguro y original.<\/p>\n","protected":false},"excerpt":{"rendered":"<p>El casco jet Retro Star White es el \u00fanico modelo de la familia &#8220;Star&#8221; con acabado brillante. La base blanca brillante est\u00e1 decorada con una estrella negra con efecto purpurina. La simplicidad gr\u00e1fica recuerda a los hist\u00f3ricos modelos Stars and Stripes de los a\u00f1os setenta. El casco tiene l\u00edneas sencillas y gustar\u00e1 al motorista amante [&hellip;]<\/p>\n","protected":false},"featured_media":48596,"comment_status":"closed","ping_status":"closed","template":"","meta":{"_acf_changed":false},"product_brand":[],"product_cat":[458,459],"product_tag":[],"giftcard-category":[],"class_list":{"0":"post-20495","1":"product","2":"type-product","3":"status-publish","4":"has-post-thumbnail","6":"product_cat-cascos-jet","7":"product_cat-cascos-retro","9":"first","10":"instock","11":"taxable","12":"shipping-taxable","13":"purchasable","14":"product-type-variable"},"acf":[],"jetpack_sharing_enabled":true,"_links":{"self":[{"href":"https:\/\/dmd.eu\/es\/wp-json\/wp\/v2\/product\/20495","targetHints":{"allow":["GET"]}}],"collection":[{"href":"https:\/\/dmd.eu\/es\/wp-json\/wp\/v2\/product"}],"about":[{"href":"https:\/\/dmd.eu\/es\/wp-json\/wp\/v2\/types\/product"}],"replies":[{"embeddable":true,"href":"https:\/\/dmd.eu\/es\/wp-json\/wp\/v2\/comments?post=20495"}],"wp:featuredmedia":[{"embeddable":true,"href":"https:\/\/dmd.eu\/es\/wp-json\/wp\/v2\/media\/48596"}],"wp:attachment":[{"href":"https:\/\/dmd.eu\/es\/wp-json\/wp\/v2\/media?parent=20495"}],"wp:term":[{"taxonomy":"product_brand","embeddable":true,"href":"https:\/\/dmd.eu\/es\/wp-json\/wp\/v2\/product_brand?post=20495"},{"taxonomy":"product_cat","embeddable":true,"href":"https:\/\/dmd.eu\/es\/wp-json\/wp\/v2\/product_cat?post=20495"},{"taxonomy":"product_tag","embeddable":true,"href":"https:\/\/dmd.eu\/es\/wp-json\/wp\/v2\/product_tag?post=20495"},{"taxonomy":"giftcard-category","embeddable":true,"href":"https:\/\/dmd.eu\/es\/wp-json\/wp\/v2\/giftcard-category?post=20495"}],"curies":[{"name":"wp","href":"https:\/\/api.w.org\/{rel}","templated":true}]}}