{"id":20250,"date":"2024-04-26T17:15:04","date_gmt":"2024-04-26T15:15:04","guid":{"rendered":"https:\/\/www.dmd.eu\/?post_type=product&#038;p=20250"},"modified":"2025-12-02T00:13:59","modified_gmt":"2025-12-01T23:13:59","slug":"goodwood-retro","status":"publish","type":"product","link":"https:\/\/dmd.eu\/es\/prodotto\/cascos-jet\/cascos-retro\/goodwood-retro\/","title":{"rendered":"GOODWOOD"},"content":{"rendered":"<p>El <strong>casco jet Retro Goodwood<\/strong> forma parte de la colecci\u00f3n de cascos DMD jet Retro. Con un gr\u00e1fico de base blanco brillante, debe su car\u00e1cter distintivo a la adici\u00f3n de una franja verde oscuro que recorre todos los lados. El casco jet Retro Goodwood celebra la velocidad y el estilo retro, por lo que es perfecto para conducir varios estilos de moto, incluyendo Custom, Vintage, Caf\u00e9 Racer o scooter.<\/p>\n","protected":false},"excerpt":{"rendered":"<p>El casco jet Retro Goodwood forma parte de la colecci\u00f3n de cascos DMD jet Retro. Con un gr\u00e1fico de base blanco brillante, debe su car\u00e1cter distintivo a la adici\u00f3n de una franja verde oscuro que recorre todos los lados. El casco jet Retro Goodwood celebra la velocidad y el estilo retro, por lo que es [&hellip;]<\/p>\n","protected":false},"featured_media":41361,"comment_status":"closed","ping_status":"closed","template":"","meta":{"_acf_changed":false},"product_brand":[],"product_cat":[458,459],"product_tag":[],"giftcard-category":[],"class_list":{"0":"post-20250","1":"product","2":"type-product","3":"status-publish","4":"has-post-thumbnail","6":"product_cat-cascos-jet","7":"product_cat-cascos-retro","9":"first","10":"instock","11":"taxable","12":"shipping-taxable","13":"purchasable","14":"product-type-variable"},"acf":[],"jetpack_sharing_enabled":true,"_links":{"self":[{"href":"https:\/\/dmd.eu\/es\/wp-json\/wp\/v2\/product\/20250","targetHints":{"allow":["GET"]}}],"collection":[{"href":"https:\/\/dmd.eu\/es\/wp-json\/wp\/v2\/product"}],"about":[{"href":"https:\/\/dmd.eu\/es\/wp-json\/wp\/v2\/types\/product"}],"replies":[{"embeddable":true,"href":"https:\/\/dmd.eu\/es\/wp-json\/wp\/v2\/comments?post=20250"}],"wp:featuredmedia":[{"embeddable":true,"href":"https:\/\/dmd.eu\/es\/wp-json\/wp\/v2\/media\/41361"}],"wp:attachment":[{"href":"https:\/\/dmd.eu\/es\/wp-json\/wp\/v2\/media?parent=20250"}],"wp:term":[{"taxonomy":"product_brand","embeddable":true,"href":"https:\/\/dmd.eu\/es\/wp-json\/wp\/v2\/product_brand?post=20250"},{"taxonomy":"product_cat","embeddable":true,"href":"https:\/\/dmd.eu\/es\/wp-json\/wp\/v2\/product_cat?post=20250"},{"taxonomy":"product_tag","embeddable":true,"href":"https:\/\/dmd.eu\/es\/wp-json\/wp\/v2\/product_tag?post=20250"},{"taxonomy":"giftcard-category","embeddable":true,"href":"https:\/\/dmd.eu\/es\/wp-json\/wp\/v2\/giftcard-category?post=20250"}],"curies":[{"name":"wp","href":"https:\/\/api.w.org\/{rel}","templated":true}]}}