{"id":20140,"date":"2024-04-26T17:00:09","date_gmt":"2024-04-26T15:00:09","guid":{"rendered":"https:\/\/www.dmd.eu\/?post_type=product&#038;p=20140"},"modified":"2025-12-02T00:13:59","modified_gmt":"2025-12-01T23:13:59","slug":"olympus-retro","status":"publish","type":"product","link":"https:\/\/dmd.eu\/es\/prodotto\/cascos-jet\/cascos-retro\/olympus-retro\/","title":{"rendered":"OLYMPUS"},"content":{"rendered":"<p>El <strong>casco jet Retro Olympus<\/strong>\u00a0de color blanco brillante con un sencillo motivo decorativo en tonos azules, es el producto ideal para el motorista amante del estilo de los a\u00f1os 70, pero tambi\u00e9n para el motorista que busca un casco c\u00f3modo, peque\u00f1o, seguro y original.<\/p>\n","protected":false},"excerpt":{"rendered":"<p>El casco jet Retro Olympus\u00a0de color blanco brillante con un sencillo motivo decorativo en tonos azules, es el producto ideal para el motorista amante del estilo de los a\u00f1os 70, pero tambi\u00e9n para el motorista que busca un casco c\u00f3modo, peque\u00f1o, seguro y original.<\/p>\n","protected":false},"featured_media":45795,"comment_status":"closed","ping_status":"closed","template":"","meta":{"_acf_changed":false},"product_brand":[],"product_cat":[458,459],"product_tag":[],"giftcard-category":[],"class_list":{"0":"post-20140","1":"product","2":"type-product","3":"status-publish","4":"has-post-thumbnail","6":"product_cat-cascos-jet","7":"product_cat-cascos-retro","9":"first","10":"instock","11":"taxable","12":"shipping-taxable","13":"purchasable","14":"product-type-variable"},"acf":[],"jetpack_sharing_enabled":true,"_links":{"self":[{"href":"https:\/\/dmd.eu\/es\/wp-json\/wp\/v2\/product\/20140","targetHints":{"allow":["GET"]}}],"collection":[{"href":"https:\/\/dmd.eu\/es\/wp-json\/wp\/v2\/product"}],"about":[{"href":"https:\/\/dmd.eu\/es\/wp-json\/wp\/v2\/types\/product"}],"replies":[{"embeddable":true,"href":"https:\/\/dmd.eu\/es\/wp-json\/wp\/v2\/comments?post=20140"}],"wp:featuredmedia":[{"embeddable":true,"href":"https:\/\/dmd.eu\/es\/wp-json\/wp\/v2\/media\/45795"}],"wp:attachment":[{"href":"https:\/\/dmd.eu\/es\/wp-json\/wp\/v2\/media?parent=20140"}],"wp:term":[{"taxonomy":"product_brand","embeddable":true,"href":"https:\/\/dmd.eu\/es\/wp-json\/wp\/v2\/product_brand?post=20140"},{"taxonomy":"product_cat","embeddable":true,"href":"https:\/\/dmd.eu\/es\/wp-json\/wp\/v2\/product_cat?post=20140"},{"taxonomy":"product_tag","embeddable":true,"href":"https:\/\/dmd.eu\/es\/wp-json\/wp\/v2\/product_tag?post=20140"},{"taxonomy":"giftcard-category","embeddable":true,"href":"https:\/\/dmd.eu\/es\/wp-json\/wp\/v2\/giftcard-category?post=20140"}],"curies":[{"name":"wp","href":"https:\/\/api.w.org\/{rel}","templated":true}]}}