{"id":20085,"date":"2024-04-26T16:48:12","date_gmt":"2024-04-26T14:48:12","guid":{"rendered":"https:\/\/www.dmd.eu\/?post_type=product&#038;p=20085"},"modified":"2025-12-02T00:14:00","modified_gmt":"2025-12-01T23:14:00","slug":"glitter-pink-retro","status":"publish","type":"product","link":"https:\/\/dmd.eu\/es\/prodotto\/cascos-jet\/cascos-retro\/glitter-pink-retro\/","title":{"rendered":"GLITTER PINK"},"content":{"rendered":"<p>El <strong>casco jet Retro Glitter Pink<\/strong> a\u00f1ade un toque brillante a la colecci\u00f3n jet Retro.<br \/>\nDirigido principalmente al mundo femenino, es brillante, peque\u00f1o, seguro y c\u00f3modo. El tono rosa monocolor, combinado con el efecto purpurina, lo convierte en un accesorio de moda con un design no indiferente.<\/p>\n","protected":false},"excerpt":{"rendered":"<p>El casco jet Retro Glitter Pink a\u00f1ade un toque brillante a la colecci\u00f3n jet Retro. Dirigido principalmente al mundo femenino, es brillante, peque\u00f1o, seguro y c\u00f3modo. El tono rosa monocolor, combinado con el efecto purpurina, lo convierte en un accesorio de moda con un design no indiferente.<\/p>\n","protected":false},"featured_media":49018,"comment_status":"closed","ping_status":"closed","template":"","meta":{"_acf_changed":false},"product_brand":[],"product_cat":[458,459],"product_tag":[],"giftcard-category":[],"class_list":{"0":"post-20085","1":"product","2":"type-product","3":"status-publish","4":"has-post-thumbnail","6":"product_cat-cascos-jet","7":"product_cat-cascos-retro","9":"first","10":"instock","11":"taxable","12":"shipping-taxable","13":"purchasable","14":"product-type-variable"},"acf":[],"jetpack_sharing_enabled":true,"_links":{"self":[{"href":"https:\/\/dmd.eu\/es\/wp-json\/wp\/v2\/product\/20085","targetHints":{"allow":["GET"]}}],"collection":[{"href":"https:\/\/dmd.eu\/es\/wp-json\/wp\/v2\/product"}],"about":[{"href":"https:\/\/dmd.eu\/es\/wp-json\/wp\/v2\/types\/product"}],"replies":[{"embeddable":true,"href":"https:\/\/dmd.eu\/es\/wp-json\/wp\/v2\/comments?post=20085"}],"wp:featuredmedia":[{"embeddable":true,"href":"https:\/\/dmd.eu\/es\/wp-json\/wp\/v2\/media\/49018"}],"wp:attachment":[{"href":"https:\/\/dmd.eu\/es\/wp-json\/wp\/v2\/media?parent=20085"}],"wp:term":[{"taxonomy":"product_brand","embeddable":true,"href":"https:\/\/dmd.eu\/es\/wp-json\/wp\/v2\/product_brand?post=20085"},{"taxonomy":"product_cat","embeddable":true,"href":"https:\/\/dmd.eu\/es\/wp-json\/wp\/v2\/product_cat?post=20085"},{"taxonomy":"product_tag","embeddable":true,"href":"https:\/\/dmd.eu\/es\/wp-json\/wp\/v2\/product_tag?post=20085"},{"taxonomy":"giftcard-category","embeddable":true,"href":"https:\/\/dmd.eu\/es\/wp-json\/wp\/v2\/giftcard-category?post=20085"}],"curies":[{"name":"wp","href":"https:\/\/api.w.org\/{rel}","templated":true}]}}