{"id":20030,"date":"2024-04-26T15:06:41","date_gmt":"2024-04-26T13:06:41","guid":{"rendered":"https:\/\/www.dmd.eu\/?post_type=product&#038;p=20030"},"modified":"2025-12-02T00:14:00","modified_gmt":"2025-12-01T23:14:00","slug":"glitter-bronze-retro","status":"publish","type":"product","link":"https:\/\/dmd.eu\/es\/prodotto\/cascos-jet\/cascos-retro\/glitter-bronze-retro\/","title":{"rendered":"GLITTER BRONZE"},"content":{"rendered":"<p>El <strong>casco jet Retro Glitter Bronze<\/strong> es brillante, compacto, seguro y c\u00f3modo. Su monocromo color bronce, combinado con el efecto purpurina, lo convierte en un aut\u00e9ntico accesorio a juego con tu moto, sea cual sea: Custom, Vintage o Caf\u00e9 racer.<\/p>\n","protected":false},"excerpt":{"rendered":"<p>El casco jet Retro Glitter Bronze es brillante, compacto, seguro y c\u00f3modo. Su monocromo color bronce, combinado con el efecto purpurina, lo convierte en un aut\u00e9ntico accesorio a juego con tu moto, sea cual sea: Custom, Vintage o Caf\u00e9 racer.<\/p>\n","protected":false},"featured_media":49038,"comment_status":"closed","ping_status":"closed","template":"","meta":{"_acf_changed":false},"product_brand":[],"product_cat":[458,459],"product_tag":[],"giftcard-category":[],"class_list":{"0":"post-20030","1":"product","2":"type-product","3":"status-publish","4":"has-post-thumbnail","6":"product_cat-cascos-jet","7":"product_cat-cascos-retro","9":"first","10":"instock","11":"taxable","12":"shipping-taxable","13":"purchasable","14":"product-type-variable"},"acf":[],"jetpack_sharing_enabled":true,"_links":{"self":[{"href":"https:\/\/dmd.eu\/es\/wp-json\/wp\/v2\/product\/20030","targetHints":{"allow":["GET"]}}],"collection":[{"href":"https:\/\/dmd.eu\/es\/wp-json\/wp\/v2\/product"}],"about":[{"href":"https:\/\/dmd.eu\/es\/wp-json\/wp\/v2\/types\/product"}],"replies":[{"embeddable":true,"href":"https:\/\/dmd.eu\/es\/wp-json\/wp\/v2\/comments?post=20030"}],"wp:featuredmedia":[{"embeddable":true,"href":"https:\/\/dmd.eu\/es\/wp-json\/wp\/v2\/media\/49038"}],"wp:attachment":[{"href":"https:\/\/dmd.eu\/es\/wp-json\/wp\/v2\/media?parent=20030"}],"wp:term":[{"taxonomy":"product_brand","embeddable":true,"href":"https:\/\/dmd.eu\/es\/wp-json\/wp\/v2\/product_brand?post=20030"},{"taxonomy":"product_cat","embeddable":true,"href":"https:\/\/dmd.eu\/es\/wp-json\/wp\/v2\/product_cat?post=20030"},{"taxonomy":"product_tag","embeddable":true,"href":"https:\/\/dmd.eu\/es\/wp-json\/wp\/v2\/product_tag?post=20030"},{"taxonomy":"giftcard-category","embeddable":true,"href":"https:\/\/dmd.eu\/es\/wp-json\/wp\/v2\/giftcard-category?post=20030"}],"curies":[{"name":"wp","href":"https:\/\/api.w.org\/{rel}","templated":true}]}}