{"id":19865,"date":"2024-04-26T12:13:42","date_gmt":"2024-04-26T10:13:42","guid":{"rendered":"https:\/\/www.dmd.eu\/?post_type=product&#038;p=19865"},"modified":"2025-12-02T00:14:01","modified_gmt":"2025-12-01T23:14:01","slug":"glitter-black-retro","status":"publish","type":"product","link":"https:\/\/dmd.eu\/es\/prodotto\/cascos-jet\/cascos-retro\/glitter-black-retro\/","title":{"rendered":"GLITTER BLACK"},"content":{"rendered":"<p>El <strong>casco jet Retro Glitter Black<\/strong> ilumina tu conducci\u00f3n en moto a\u00f1adiendo un toque brillante a tu car\u00e1cter motero.<br \/>\nSeguro, c\u00f3modo y de tama\u00f1o compacto, se adapta a todo tipo de motos: Custom, Vintage o Caf\u00e9 Racer.<\/p>\n","protected":false},"excerpt":{"rendered":"<p>El casco jet Retro Glitter Black ilumina tu conducci\u00f3n en moto a\u00f1adiendo un toque brillante a tu car\u00e1cter motero. Seguro, c\u00f3modo y de tama\u00f1o compacto, se adapta a todo tipo de motos: Custom, Vintage o Caf\u00e9 Racer.<\/p>\n","protected":false},"featured_media":48998,"comment_status":"closed","ping_status":"closed","template":"","meta":{"_acf_changed":false},"product_brand":[],"product_cat":[458,459],"product_tag":[],"giftcard-category":[],"class_list":{"0":"post-19865","1":"product","2":"type-product","3":"status-publish","4":"has-post-thumbnail","6":"product_cat-cascos-jet","7":"product_cat-cascos-retro","9":"first","10":"instock","11":"taxable","12":"shipping-taxable","13":"purchasable","14":"product-type-variable"},"acf":[],"jetpack_sharing_enabled":true,"_links":{"self":[{"href":"https:\/\/dmd.eu\/es\/wp-json\/wp\/v2\/product\/19865","targetHints":{"allow":["GET"]}}],"collection":[{"href":"https:\/\/dmd.eu\/es\/wp-json\/wp\/v2\/product"}],"about":[{"href":"https:\/\/dmd.eu\/es\/wp-json\/wp\/v2\/types\/product"}],"replies":[{"embeddable":true,"href":"https:\/\/dmd.eu\/es\/wp-json\/wp\/v2\/comments?post=19865"}],"wp:featuredmedia":[{"embeddable":true,"href":"https:\/\/dmd.eu\/es\/wp-json\/wp\/v2\/media\/48998"}],"wp:attachment":[{"href":"https:\/\/dmd.eu\/es\/wp-json\/wp\/v2\/media?parent=19865"}],"wp:term":[{"taxonomy":"product_brand","embeddable":true,"href":"https:\/\/dmd.eu\/es\/wp-json\/wp\/v2\/product_brand?post=19865"},{"taxonomy":"product_cat","embeddable":true,"href":"https:\/\/dmd.eu\/es\/wp-json\/wp\/v2\/product_cat?post=19865"},{"taxonomy":"product_tag","embeddable":true,"href":"https:\/\/dmd.eu\/es\/wp-json\/wp\/v2\/product_tag?post=19865"},{"taxonomy":"giftcard-category","embeddable":true,"href":"https:\/\/dmd.eu\/es\/wp-json\/wp\/v2\/giftcard-category?post=19865"}],"curies":[{"name":"wp","href":"https:\/\/api.w.org\/{rel}","templated":true}]}}