{"id":19476,"date":"2024-04-23T17:03:43","date_gmt":"2024-04-23T15:03:43","guid":{"rendered":"https:\/\/www.dmd.eu\/?post_type=product&#038;p=19476"},"modified":"2026-03-08T23:40:45","modified_gmt":"2026-03-08T22:40:45","slug":"solid-black-retro","status":"publish","type":"product","link":"https:\/\/dmd.eu\/es\/prodotto\/cascos-jet\/cascos-retro\/solid-black-retro\/","title":{"rendered":"SOLID BLACK"},"content":{"rendered":"<p>El <strong>casco jet Retro Solid Black<\/strong> es peque\u00f1o, seguro, c\u00f3modo; apto para los amantes de la elegancia simple y esencial tambi\u00e9n en moto.<br \/>\nSu neutralidad y su color negro brillante lo hacen adecuado para todo tipo de motos: Custom, Vintage, Caf\u00e9 racer, Harley Davidson, Triumph, BMW, Honda, Guzzi, Indian, Vespa o Scooter.<\/p>\n","protected":false},"excerpt":{"rendered":"<p>El casco jet Retro Solid Black es peque\u00f1o, seguro, c\u00f3modo; apto para los amantes de la elegancia simple y esencial tambi\u00e9n en moto. Su neutralidad y su color negro brillante lo hacen adecuado para todo tipo de motos: Custom, Vintage, Caf\u00e9 racer, Harley Davidson, Triumph, BMW, Honda, Guzzi, Indian, Vespa o Scooter.<\/p>\n","protected":false},"featured_media":41068,"comment_status":"closed","ping_status":"closed","template":"","meta":{"_acf_changed":false},"product_brand":[],"product_cat":[458,459],"product_tag":[],"giftcard-category":[],"class_list":{"0":"post-19476","1":"product","2":"type-product","3":"status-publish","4":"has-post-thumbnail","6":"product_cat-cascos-jet","7":"product_cat-cascos-retro","9":"first","10":"instock","11":"taxable","12":"shipping-taxable","13":"purchasable","14":"product-type-variable"},"acf":[],"jetpack_sharing_enabled":true,"_links":{"self":[{"href":"https:\/\/dmd.eu\/es\/wp-json\/wp\/v2\/product\/19476","targetHints":{"allow":["GET"]}}],"collection":[{"href":"https:\/\/dmd.eu\/es\/wp-json\/wp\/v2\/product"}],"about":[{"href":"https:\/\/dmd.eu\/es\/wp-json\/wp\/v2\/types\/product"}],"replies":[{"embeddable":true,"href":"https:\/\/dmd.eu\/es\/wp-json\/wp\/v2\/comments?post=19476"}],"wp:featuredmedia":[{"embeddable":true,"href":"https:\/\/dmd.eu\/es\/wp-json\/wp\/v2\/media\/41068"}],"wp:attachment":[{"href":"https:\/\/dmd.eu\/es\/wp-json\/wp\/v2\/media?parent=19476"}],"wp:term":[{"taxonomy":"product_brand","embeddable":true,"href":"https:\/\/dmd.eu\/es\/wp-json\/wp\/v2\/product_brand?post=19476"},{"taxonomy":"product_cat","embeddable":true,"href":"https:\/\/dmd.eu\/es\/wp-json\/wp\/v2\/product_cat?post=19476"},{"taxonomy":"product_tag","embeddable":true,"href":"https:\/\/dmd.eu\/es\/wp-json\/wp\/v2\/product_tag?post=19476"},{"taxonomy":"giftcard-category","embeddable":true,"href":"https:\/\/dmd.eu\/es\/wp-json\/wp\/v2\/giftcard-category?post=19476"}],"curies":[{"name":"wp","href":"https:\/\/api.w.org\/{rel}","templated":true}]}}