{"id":19199,"date":"2024-04-23T16:06:11","date_gmt":"2024-04-23T14:06:11","guid":{"rendered":"https:\/\/www.dmd.eu\/?post_type=product&#038;p=19199"},"modified":"2025-12-02T00:14:05","modified_gmt":"2025-12-01T23:14:05","slug":"cream-retro","status":"publish","type":"product","link":"https:\/\/dmd.eu\/es\/prodotto\/cascos-jet\/cascos-retro\/cream-retro\/","title":{"rendered":"CREAM"},"content":{"rendered":"<p>El <strong>casco jet Retro Cream<\/strong> forma parte de la colecci\u00f3n de cascos DMD jet Retro. Su color crema le confiere un car\u00e1cter elegante y atemporal, haci\u00e9ndolo apto para cualquier estilo de moto y piloto. Perfecto para motocicletas Custom, Vintage, Caf\u00e9 Racer o scooters, el casco jet Retro Cream enriquecer\u00e1 tu outfit.<\/p>\n","protected":false},"excerpt":{"rendered":"<p>El casco jet Retro Cream forma parte de la colecci\u00f3n de cascos DMD jet Retro. Su color crema le confiere un car\u00e1cter elegante y atemporal, haci\u00e9ndolo apto para cualquier estilo de moto y piloto. Perfecto para motocicletas Custom, Vintage, Caf\u00e9 Racer o scooters, el casco jet Retro Cream enriquecer\u00e1 tu outfit.<\/p>\n","protected":false},"featured_media":40952,"comment_status":"closed","ping_status":"closed","template":"","meta":{"_acf_changed":false},"product_brand":[],"product_cat":[458,459],"product_tag":[],"giftcard-category":[],"class_list":{"0":"post-19199","1":"product","2":"type-product","3":"status-publish","4":"has-post-thumbnail","6":"product_cat-cascos-jet","7":"product_cat-cascos-retro","9":"first","10":"instock","11":"taxable","12":"shipping-taxable","13":"purchasable","14":"product-type-variable"},"acf":[],"jetpack_sharing_enabled":true,"_links":{"self":[{"href":"https:\/\/dmd.eu\/es\/wp-json\/wp\/v2\/product\/19199","targetHints":{"allow":["GET"]}}],"collection":[{"href":"https:\/\/dmd.eu\/es\/wp-json\/wp\/v2\/product"}],"about":[{"href":"https:\/\/dmd.eu\/es\/wp-json\/wp\/v2\/types\/product"}],"replies":[{"embeddable":true,"href":"https:\/\/dmd.eu\/es\/wp-json\/wp\/v2\/comments?post=19199"}],"wp:featuredmedia":[{"embeddable":true,"href":"https:\/\/dmd.eu\/es\/wp-json\/wp\/v2\/media\/40952"}],"wp:attachment":[{"href":"https:\/\/dmd.eu\/es\/wp-json\/wp\/v2\/media?parent=19199"}],"wp:term":[{"taxonomy":"product_brand","embeddable":true,"href":"https:\/\/dmd.eu\/es\/wp-json\/wp\/v2\/product_brand?post=19199"},{"taxonomy":"product_cat","embeddable":true,"href":"https:\/\/dmd.eu\/es\/wp-json\/wp\/v2\/product_cat?post=19199"},{"taxonomy":"product_tag","embeddable":true,"href":"https:\/\/dmd.eu\/es\/wp-json\/wp\/v2\/product_tag?post=19199"},{"taxonomy":"giftcard-category","embeddable":true,"href":"https:\/\/dmd.eu\/es\/wp-json\/wp\/v2\/giftcard-category?post=19199"}],"curies":[{"name":"wp","href":"https:\/\/api.w.org\/{rel}","templated":true}]}}