{"id":19143,"date":"2024-04-23T15:58:55","date_gmt":"2024-04-23T13:58:55","guid":{"rendered":"https:\/\/www.dmd.eu\/?post_type=product&#038;p=19143"},"modified":"2025-12-02T00:14:06","modified_gmt":"2025-12-01T23:14:06","slug":"red-retro","status":"publish","type":"product","link":"https:\/\/dmd.eu\/es\/prodotto\/cascos-jet\/cascos-retro\/red-retro\/","title":{"rendered":"RED"},"content":{"rendered":"<p>El <strong>casco jet Retro Red<\/strong> est\u00e1 inspirado en el casco de enduro utilizado en los a\u00f1os 70. DMD decidi\u00f3 rendir homenaje a esta \u00e9poca dorada creando un casco con un color retro pero fabricado teniendo en cuenta todas las normas de seguridad modernas.<\/p>\n","protected":false},"excerpt":{"rendered":"<p>El casco jet Retro Red est\u00e1 inspirado en el casco de enduro utilizado en los a\u00f1os 70. DMD decidi\u00f3 rendir homenaje a esta \u00e9poca dorada creando un casco con un color retro pero fabricado teniendo en cuenta todas las normas de seguridad modernas.<\/p>\n","protected":false},"featured_media":42285,"comment_status":"closed","ping_status":"closed","template":"","meta":{"_acf_changed":false},"product_brand":[],"product_cat":[458,459],"product_tag":[],"giftcard-category":[],"class_list":{"0":"post-19143","1":"product","2":"type-product","3":"status-publish","4":"has-post-thumbnail","6":"product_cat-cascos-jet","7":"product_cat-cascos-retro","9":"first","10":"instock","11":"taxable","12":"shipping-taxable","13":"purchasable","14":"product-type-variable"},"acf":[],"jetpack_sharing_enabled":true,"_links":{"self":[{"href":"https:\/\/dmd.eu\/es\/wp-json\/wp\/v2\/product\/19143","targetHints":{"allow":["GET"]}}],"collection":[{"href":"https:\/\/dmd.eu\/es\/wp-json\/wp\/v2\/product"}],"about":[{"href":"https:\/\/dmd.eu\/es\/wp-json\/wp\/v2\/types\/product"}],"replies":[{"embeddable":true,"href":"https:\/\/dmd.eu\/es\/wp-json\/wp\/v2\/comments?post=19143"}],"wp:featuredmedia":[{"embeddable":true,"href":"https:\/\/dmd.eu\/es\/wp-json\/wp\/v2\/media\/42285"}],"wp:attachment":[{"href":"https:\/\/dmd.eu\/es\/wp-json\/wp\/v2\/media?parent=19143"}],"wp:term":[{"taxonomy":"product_brand","embeddable":true,"href":"https:\/\/dmd.eu\/es\/wp-json\/wp\/v2\/product_brand?post=19143"},{"taxonomy":"product_cat","embeddable":true,"href":"https:\/\/dmd.eu\/es\/wp-json\/wp\/v2\/product_cat?post=19143"},{"taxonomy":"product_tag","embeddable":true,"href":"https:\/\/dmd.eu\/es\/wp-json\/wp\/v2\/product_tag?post=19143"},{"taxonomy":"giftcard-category","embeddable":true,"href":"https:\/\/dmd.eu\/es\/wp-json\/wp\/v2\/giftcard-category?post=19143"}],"curies":[{"name":"wp","href":"https:\/\/api.w.org\/{rel}","templated":true}]}}